{"id":851,"date":"2023-10-20T11:25:46","date_gmt":"2023-10-20T11:25:46","guid":{"rendered":"https:\/\/ecoenerjias.com\/?page_id=851"},"modified":"2023-10-25T11:47:15","modified_gmt":"2023-10-25T11:47:15","slug":"servis-bakim","status":"publish","type":"page","link":"https:\/\/eco-e.com.tr\/en\/servis-bakim\/","title":{"rendered":"Servis\/Bak\u0131m"},"content":{"rendered":"<div data-elementor-type=\"wp-page\" data-elementor-id=\"851\" class=\"elementor elementor-851\" data-elementor-post-type=\"page\">\n\t\t\t\t\t\t<section class=\"elementor-section elementor-top-section elementor-element elementor-element-71a269eb elementor-section-boxed elementor-section-height-default elementor-section-height-default\" data-id=\"71a269eb\" data-element_type=\"section\" data-settings=\"{&quot;background_background&quot;:&quot;classic&quot;}\">\n\t\t\t\t\t\t\t<div class=\"elementor-background-overlay\"><\/div>\n\t\t\t\t\t\t\t<div class=\"elementor-container elementor-column-gap-default\">\n\t\t\t\t\t<div class=\"elementor-column elementor-col-100 elementor-top-column elementor-element elementor-element-1cef1213\" data-id=\"1cef1213\" data-element_type=\"column\">\n\t\t\t<div class=\"elementor-widget-wrap elementor-element-populated\">\n\t\t\t\t\t\t<div class=\"elementor-element elementor-element-63b96a65 elementor-widget elementor-widget-heading\" data-id=\"63b96a65\" data-element_type=\"widget\" data-widget_type=\"heading.default\">\n\t\t\t\t<div class=\"elementor-widget-container\">\n\t\t\t\t\t<h2 class=\"elementor-heading-title elementor-size-default\">Service<\/h2>\t\t\t\t<\/div>\n\t\t\t\t<\/div>\n\t\t\t\t\t<\/div>\n\t\t<\/div>\n\t\t\t\t\t<\/div>\n\t\t<\/section>\n\t\t\t\t<section class=\"elementor-section elementor-top-section elementor-element elementor-element-59888287 elementor-section-boxed elementor-section-height-default elementor-section-height-default\" data-id=\"59888287\" data-element_type=\"section\">\n\t\t\t\t\t\t<div class=\"elementor-container elementor-column-gap-extended\">\n\t\t\t\t\t<div class=\"elementor-column elementor-col-100 elementor-top-column elementor-element elementor-element-49285815\" data-id=\"49285815\" data-element_type=\"column\">\n\t\t\t<div class=\"elementor-widget-wrap elementor-element-populated\">\n\t\t\t\t\t\t<div class=\"elementor-element elementor-element-535dfdb0 elementor-widget elementor-widget-image\" data-id=\"535dfdb0\" data-element_type=\"widget\" data-widget_type=\"image.default\">\n\t\t\t\t<div class=\"elementor-widget-container\">\n\t\t\t\t\t\t\t\t\t\t\t\t\t\t\t<img fetchpriority=\"high\" decoding=\"async\" width=\"800\" height=\"255\" src=\"https:\/\/eco-e.com.tr\/wp-content\/uploads\/2023\/10\/servisbakim-1024x327.jpg\" class=\"attachment-large size-large wp-image-949\" alt=\"\" srcset=\"https:\/\/eco-e.com.tr\/wp-content\/uploads\/2023\/10\/servisbakim-1024x327.jpg 1024w, https:\/\/eco-e.com.tr\/wp-content\/uploads\/2023\/10\/servisbakim-300x96.jpg 300w, https:\/\/eco-e.com.tr\/wp-content\/uploads\/2023\/10\/servisbakim-768x245.jpg 768w, https:\/\/eco-e.com.tr\/wp-content\/uploads\/2023\/10\/servisbakim.jpg 1170w\" sizes=\"(max-width: 800px) 100vw, 800px\" \/>\t\t\t\t\t\t\t\t\t\t\t\t\t\t\t<\/div>\n\t\t\t\t<\/div>\n\t\t\t\t<section class=\"elementor-section elementor-inner-section elementor-element elementor-element-2833ac38 elementor-section-boxed elementor-section-height-default elementor-section-height-default\" data-id=\"2833ac38\" data-element_type=\"section\">\n\t\t\t\t\t\t<div class=\"elementor-container elementor-column-gap-default\">\n\t\t\t\t\t<div class=\"elementor-column elementor-col-50 elementor-inner-column elementor-element elementor-element-109c2795\" data-id=\"109c2795\" data-element_type=\"column\">\n\t\t\t<div class=\"elementor-widget-wrap elementor-element-populated\">\n\t\t\t\t\t\t<div class=\"elementor-element elementor-element-21b3074f elementor-widget__width-auto elementor-invisible elementor-widget elementor-widget-heading\" data-id=\"21b3074f\" data-element_type=\"widget\" data-settings=\"{&quot;_animation&quot;:&quot;zoomIn&quot;}\" data-widget_type=\"heading.default\">\n\t\t\t\t<div class=\"elementor-widget-container\">\n\t\t\t\t\t<p class=\"elementor-heading-title elementor-size-default\">Eco Transformer<\/p>\t\t\t\t<\/div>\n\t\t\t\t<\/div>\n\t\t\t\t<div class=\"elementor-element elementor-element-3c89ff33 elementor-widget elementor-widget-heading\" data-id=\"3c89ff33\" data-element_type=\"widget\" data-widget_type=\"heading.default\">\n\t\t\t\t<div class=\"elementor-widget-container\">\n\t\t\t\t\t<h4 class=\"elementor-heading-title elementor-size-default\">Service and After-sales Support<\/h4>\t\t\t\t<\/div>\n\t\t\t\t<\/div>\n\t\t\t\t\t<\/div>\n\t\t<\/div>\n\t\t\t\t<div class=\"elementor-column elementor-col-50 elementor-inner-column elementor-element elementor-element-ee4cd7b\" data-id=\"ee4cd7b\" data-element_type=\"column\">\n\t\t\t<div class=\"elementor-widget-wrap elementor-element-populated\">\n\t\t\t\t\t\t<div class=\"elementor-element elementor-element-63ed0a08 elementor-widget elementor-widget-text-editor\" data-id=\"63ed0a08\" data-element_type=\"widget\" data-widget_type=\"text-editor.default\">\n\t\t\t\t<div class=\"elementor-widget-container\">\n\t\t\t\t\t\t\t\t\t<p>With more than 20 years of transformer manufacturing experience, we provide field tests, commissioning, maintenance and service related services to our customers in the best way. We guarantee all our products in accordance with international standards. We also provide assurance against any problems with spare parts and technical services against possible problems<\/p>\t\t\t\t\t\t\t\t<\/div>\n\t\t\t\t<\/div>\n\t\t\t\t\t<\/div>\n\t\t<\/div>\n\t\t\t\t\t<\/div>\n\t\t<\/section>\n\t\t\t\t\t<\/div>\n\t\t<\/div>\n\t\t\t\t\t<\/div>\n\t\t<\/section>\n\t\t\t\t<\/div>","protected":false},"excerpt":{"rendered":"<p>Servis ve Bak\u0131m Eco Transformat\u00f6r Servis ve M\u00fc\u015fteri Hizmetleri 20 y\u0131l\u0131 a\u015fan transformat\u00f6r \u00fcretimi tecr\u00fcbesi ile m\u00fc\u015fterilerine; saha testleri, devreye al\u0131nmas\u0131, bak\u0131m hizmeti ve servis ile ilgili hizmetleri en iyi \u015fekilde vermektedir. T\u00fcm \u00fcr\u00fcnlerimizi uluslararas\u0131 standartlara uygun olarak garantilemekteyiz. Olas\u0131 sorunlara kar\u015f\u0131 yedek par\u00e7a ve teknik servis hizmetleri ile herhangi bir soruna kar\u015f\u0131 da g\u00fcvence [&hellip;]<\/p>","protected":false},"author":1,"featured_media":0,"parent":0,"menu_order":0,"comment_status":"closed","ping_status":"closed","template":"elementor_header_footer","meta":{"footnotes":""},"class_list":["post-851","page","type-page","status-publish","hentry"],"_links":{"self":[{"href":"https:\/\/eco-e.com.tr\/en\/wp-json\/wp\/v2\/pages\/851","targetHints":{"allow":["GET"]}}],"collection":[{"href":"https:\/\/eco-e.com.tr\/en\/wp-json\/wp\/v2\/pages"}],"about":[{"href":"https:\/\/eco-e.com.tr\/en\/wp-json\/wp\/v2\/types\/page"}],"author":[{"embeddable":true,"href":"https:\/\/eco-e.com.tr\/en\/wp-json\/wp\/v2\/users\/1"}],"replies":[{"embeddable":true,"href":"https:\/\/eco-e.com.tr\/en\/wp-json\/wp\/v2\/comments?post=851"}],"version-history":[{"count":10,"href":"https:\/\/eco-e.com.tr\/en\/wp-json\/wp\/v2\/pages\/851\/revisions"}],"predecessor-version":[{"id":952,"href":"https:\/\/eco-e.com.tr\/en\/wp-json\/wp\/v2\/pages\/851\/revisions\/952"}],"wp:attachment":[{"href":"https:\/\/eco-e.com.tr\/en\/wp-json\/wp\/v2\/media?parent=851"}],"curies":[{"name":"wp","href":"https:\/\/api.w.org\/{rel}","templated":true}]}}