{"id":133,"date":"2023-09-19T19:29:23","date_gmt":"2023-09-19T19:29:23","guid":{"rendered":"https:\/\/ecoenerjias.com\/?page_id=133"},"modified":"2023-10-26T06:52:42","modified_gmt":"2023-10-26T06:52:42","slug":"kurumsal","status":"publish","type":"page","link":"https:\/\/eco-e.com.tr\/en\/kurumsal\/","title":{"rendered":"Corporate"},"content":{"rendered":"<div data-elementor-type=\"wp-page\" data-elementor-id=\"133\" class=\"elementor elementor-133\" data-elementor-post-type=\"page\">\n\t\t\t\t\t\t<section class=\"elementor-section elementor-top-section elementor-element elementor-element-1bea44be elementor-section-boxed elementor-section-height-default elementor-section-height-default\" data-id=\"1bea44be\" data-element_type=\"section\" data-settings=\"{&quot;background_background&quot;:&quot;classic&quot;}\">\n\t\t\t\t\t\t\t<div class=\"elementor-background-overlay\"><\/div>\n\t\t\t\t\t\t\t<div class=\"elementor-container elementor-column-gap-default\">\n\t\t\t\t\t<div class=\"elementor-column elementor-col-100 elementor-top-column elementor-element elementor-element-dc7a905\" data-id=\"dc7a905\" data-element_type=\"column\">\n\t\t\t<div class=\"elementor-widget-wrap elementor-element-populated\">\n\t\t\t\t\t\t<div class=\"elementor-element elementor-element-63d17c37 elementor-widget elementor-widget-heading\" data-id=\"63d17c37\" data-element_type=\"widget\" data-widget_type=\"heading.default\">\n\t\t\t\t<div class=\"elementor-widget-container\">\n\t\t\t\t\t<h2 class=\"elementor-heading-title elementor-size-default\">Corporate<\/h2>\t\t\t\t<\/div>\n\t\t\t\t<\/div>\n\t\t\t\t\t<\/div>\n\t\t<\/div>\n\t\t\t\t\t<\/div>\n\t\t<\/section>\n\t\t\t\t<section class=\"elementor-section elementor-top-section elementor-element elementor-element-4e35223d elementor-section-boxed elementor-section-height-default elementor-section-height-default\" data-id=\"4e35223d\" data-element_type=\"section\">\n\t\t\t\t\t\t<div class=\"elementor-container elementor-column-gap-extended\">\n\t\t\t\t\t<div class=\"elementor-column elementor-col-50 elementor-top-column elementor-element elementor-element-43c7f11f\" data-id=\"43c7f11f\" data-element_type=\"column\">\n\t\t\t<div class=\"elementor-widget-wrap elementor-element-populated\">\n\t\t\t\t\t\t<div class=\"elementor-element elementor-element-77d5cf6 elementor-widget elementor-widget-image\" data-id=\"77d5cf6\" data-element_type=\"widget\" data-widget_type=\"image.default\">\n\t\t\t\t<div class=\"elementor-widget-container\">\n\t\t\t\t\t\t\t\t\t\t\t\t\t\t\t<img fetchpriority=\"high\" decoding=\"async\" width=\"800\" height=\"603\" src=\"https:\/\/eco-e.com.tr\/wp-content\/uploads\/2023\/10\/kurumsal.jpg\" class=\"attachment-large size-large wp-image-983\" alt=\"\" srcset=\"https:\/\/eco-e.com.tr\/wp-content\/uploads\/2023\/10\/kurumsal.jpg 860w, https:\/\/eco-e.com.tr\/wp-content\/uploads\/2023\/10\/kurumsal-300x226.jpg 300w, https:\/\/eco-e.com.tr\/wp-content\/uploads\/2023\/10\/kurumsal-768x579.jpg 768w\" sizes=\"(max-width: 800px) 100vw, 800px\" \/>\t\t\t\t\t\t\t\t\t\t\t\t\t\t\t<\/div>\n\t\t\t\t<\/div>\n\t\t\t\t\t<\/div>\n\t\t<\/div>\n\t\t\t\t<div class=\"elementor-column elementor-col-50 elementor-top-column elementor-element elementor-element-071631c\" data-id=\"071631c\" data-element_type=\"column\">\n\t\t\t<div class=\"elementor-widget-wrap elementor-element-populated\">\n\t\t\t\t\t\t<section class=\"elementor-section elementor-inner-section elementor-element elementor-element-d4fb468 elementor-section-boxed elementor-section-height-default elementor-section-height-default\" data-id=\"d4fb468\" data-element_type=\"section\">\n\t\t\t\t\t\t<div class=\"elementor-container elementor-column-gap-default\">\n\t\t\t\t\t<div class=\"elementor-column elementor-col-100 elementor-inner-column elementor-element elementor-element-819266a\" data-id=\"819266a\" data-element_type=\"column\">\n\t\t\t<div class=\"elementor-widget-wrap elementor-element-populated\">\n\t\t\t\t\t\t<div class=\"elementor-element elementor-element-c98e533 elementor-widget__width-auto elementor-invisible elementor-widget elementor-widget-heading\" data-id=\"c98e533\" data-element_type=\"widget\" data-settings=\"{&quot;_animation&quot;:&quot;zoomIn&quot;}\" data-widget_type=\"heading.default\">\n\t\t\t\t<div class=\"elementor-widget-container\">\n\t\t\t\t\t<p class=\"elementor-heading-title elementor-size-default\">Eco Energy<\/p>\t\t\t\t<\/div>\n\t\t\t\t<\/div>\n\t\t\t\t<div class=\"elementor-element elementor-element-5207d23 elementor-widget elementor-widget-heading\" data-id=\"5207d23\" data-element_type=\"widget\" data-widget_type=\"heading.default\">\n\t\t\t\t<div class=\"elementor-widget-container\">\n\t\t\t\t\t<h4 class=\"elementor-heading-title elementor-size-default\">Our Story<\/h4>\t\t\t\t<\/div>\n\t\t\t\t<\/div>\n\t\t\t\t\t<\/div>\n\t\t<\/div>\n\t\t\t\t\t<\/div>\n\t\t<\/section>\n\t\t\t\t<div class=\"elementor-element elementor-element-68281be elementor-widget elementor-widget-text-editor\" data-id=\"68281be\" data-element_type=\"widget\" data-widget_type=\"text-editor.default\">\n\t\t\t\t<div class=\"elementor-widget-container\">\n\t\t\t\t\t\t\t\t\t<p>ECO Transformer was established by engineers and senior managers who have worked in the fields of transformer design, production and quality for more than 20 years.<\/p><p>With more than 20 years of experience, our aim is to be the leading company in the sector with the understanding of service that adds value to its employees, suppliers and customers by protecting the corporate values we have created both nationally and internationally.<\/p>\t\t\t\t\t\t\t\t<\/div>\n\t\t\t\t<\/div>\n\t\t\t\t\t<\/div>\n\t\t<\/div>\n\t\t\t\t\t<\/div>\n\t\t<\/section>\n\t\t\t\t<section class=\"elementor-section elementor-top-section elementor-element elementor-element-685309d6 elementor-section-boxed elementor-section-height-default elementor-section-height-default\" data-id=\"685309d6\" data-element_type=\"section\" data-settings=\"{&quot;background_background&quot;:&quot;classic&quot;}\">\n\t\t\t\t\t\t\t<div class=\"elementor-background-overlay\"><\/div>\n\t\t\t\t\t\t\t<div class=\"elementor-container elementor-column-gap-extended\">\n\t\t\t\t\t<div class=\"elementor-column elementor-col-100 elementor-top-column elementor-element elementor-element-6a3696e7\" data-id=\"6a3696e7\" data-element_type=\"column\">\n\t\t\t<div class=\"elementor-widget-wrap elementor-element-populated\">\n\t\t\t\t\t\t<div class=\"elementor-element elementor-element-6829cf1e elementor-widget elementor-widget-heading\" data-id=\"6829cf1e\" data-element_type=\"widget\" data-widget_type=\"heading.default\">\n\t\t\t\t<div class=\"elementor-widget-container\">\n\t\t\t\t\t<h3 class=\"elementor-heading-title elementor-size-default\">With more than 20 years of transformer production experience, we are at your service.<\/h3>\t\t\t\t<\/div>\n\t\t\t\t<\/div>\n\t\t\t\t<div class=\"elementor-element elementor-element-508c5a5e elementor-align-center elementor-widget elementor-widget-button\" data-id=\"508c5a5e\" data-element_type=\"widget\" data-widget_type=\"button.default\">\n\t\t\t\t<div class=\"elementor-widget-container\">\n\t\t\t\t\t\t\t\t\t<div class=\"elementor-button-wrapper\">\n\t\t\t\t\t<a class=\"elementor-button elementor-button-link elementor-size-sm\" href=\"https:\/\/eco-e.com.tr\/en\/iletisim\/\">\n\t\t\t\t\t\t<span class=\"elementor-button-content-wrapper\">\n\t\t\t\t\t\t\t\t\t<span class=\"elementor-button-text\">Contact<\/span>\n\t\t\t\t\t<\/span>\n\t\t\t\t\t<\/a>\n\t\t\t\t<\/div>\n\t\t\t\t\t\t\t\t<\/div>\n\t\t\t\t<\/div>\n\t\t\t\t\t<\/div>\n\t\t<\/div>\n\t\t\t\t\t<\/div>\n\t\t<\/section>\n\t\t\t\t<section class=\"elementor-section elementor-top-section elementor-element elementor-element-1859099a elementor-section-boxed elementor-section-height-default elementor-section-height-default\" data-id=\"1859099a\" data-element_type=\"section\" data-settings=\"{&quot;background_background&quot;:&quot;classic&quot;}\">\n\t\t\t\t\t\t\t<div class=\"elementor-background-overlay\"><\/div>\n\t\t\t\t\t\t\t<div class=\"elementor-container elementor-column-gap-extended\">\n\t\t\t\t\t<div class=\"elementor-column elementor-col-100 elementor-top-column elementor-element elementor-element-7691c3be\" data-id=\"7691c3be\" data-element_type=\"column\">\n\t\t\t<div class=\"elementor-widget-wrap\">\n\t\t\t\t\t\t\t<\/div>\n\t\t<\/div>\n\t\t\t\t\t<\/div>\n\t\t<\/section>\n\t\t\t\t<\/div>","protected":false},"excerpt":{"rendered":"<p>Kurumsal Eco Enerji Hikayemiz ECO Transformat\u00f6r, 20 y\u0131l\u0131 a\u015fan transformat\u00f6r tasar\u0131m, \u00fcretim ve kalite alanlar\u0131nda \u00e7al\u0131\u015fm\u0131\u015f; m\u00fchendisler ve \u00fcst d\u00fczey y\u00f6neticiler taraf\u0131ndan kurulmu\u015ftur. 20 y\u0131l\u0131 a\u015fan tecr\u00fcbemizle amac\u0131m\u0131z; gerek ulusal gerekse uluslararas\u0131 olu\u015fturdu\u011fumuz kurumsal de\u011ferleri koruyup, \u00e7al\u0131\u015fanlar\u0131na, tedarik\u00e7ilerine ve m\u00fc\u015fterilerine de\u011fer katan hizmet anlay\u0131\u015f\u0131yla sekt\u00f6r\u00fcnde ileri gelen firma olabilmektir. 20 y\u0131l\u0131 a\u015fan transformat\u00f6r \u00fcretimi tecr\u00fcbesi [&hellip;]<\/p>","protected":false},"author":1,"featured_media":0,"parent":0,"menu_order":0,"comment_status":"closed","ping_status":"closed","template":"elementor_header_footer","meta":{"footnotes":""},"class_list":["post-133","page","type-page","status-publish","hentry"],"_links":{"self":[{"href":"https:\/\/eco-e.com.tr\/en\/wp-json\/wp\/v2\/pages\/133","targetHints":{"allow":["GET"]}}],"collection":[{"href":"https:\/\/eco-e.com.tr\/en\/wp-json\/wp\/v2\/pages"}],"about":[{"href":"https:\/\/eco-e.com.tr\/en\/wp-json\/wp\/v2\/types\/page"}],"author":[{"embeddable":true,"href":"https:\/\/eco-e.com.tr\/en\/wp-json\/wp\/v2\/users\/1"}],"replies":[{"embeddable":true,"href":"https:\/\/eco-e.com.tr\/en\/wp-json\/wp\/v2\/comments?post=133"}],"version-history":[{"count":61,"href":"https:\/\/eco-e.com.tr\/en\/wp-json\/wp\/v2\/pages\/133\/revisions"}],"predecessor-version":[{"id":989,"href":"https:\/\/eco-e.com.tr\/en\/wp-json\/wp\/v2\/pages\/133\/revisions\/989"}],"wp:attachment":[{"href":"https:\/\/eco-e.com.tr\/en\/wp-json\/wp\/v2\/media?parent=133"}],"curies":[{"name":"wp","href":"https:\/\/api.w.org\/{rel}","templated":true}]}}