{"id":127,"date":"2023-09-19T19:28:47","date_gmt":"2023-09-19T19:28:47","guid":{"rendered":"https:\/\/ecoenerjias.com\/?page_id=127"},"modified":"2025-02-28T07:24:58","modified_gmt":"2025-02-28T07:24:58","slug":"uretim-tesisimiz","status":"publish","type":"page","link":"https:\/\/eco-e.com.tr\/en\/uretim-tesisimiz\/","title":{"rendered":"\u00dcretim Tesisimiz"},"content":{"rendered":"<div data-elementor-type=\"wp-page\" data-elementor-id=\"127\" class=\"elementor elementor-127\" data-elementor-post-type=\"page\">\n\t\t\t\t\t\t<section class=\"elementor-section elementor-top-section elementor-element elementor-element-172ea1d3 elementor-section-boxed elementor-section-height-default elementor-section-height-default\" data-id=\"172ea1d3\" data-element_type=\"section\" data-settings=\"{&quot;background_background&quot;:&quot;classic&quot;}\">\n\t\t\t\t\t\t\t<div class=\"elementor-background-overlay\"><\/div>\n\t\t\t\t\t\t\t<div class=\"elementor-container elementor-column-gap-default\">\n\t\t\t\t\t<div class=\"elementor-column elementor-col-100 elementor-top-column elementor-element elementor-element-4acfcfa\" data-id=\"4acfcfa\" data-element_type=\"column\">\n\t\t\t<div class=\"elementor-widget-wrap elementor-element-populated\">\n\t\t\t\t\t\t<div class=\"elementor-element elementor-element-61762105 elementor-widget elementor-widget-heading\" data-id=\"61762105\" data-element_type=\"widget\" data-widget_type=\"heading.default\">\n\t\t\t\t<div class=\"elementor-widget-container\">\n\t\t\t\t\t<h2 class=\"elementor-heading-title elementor-size-default\">Production<\/h2>\t\t\t\t<\/div>\n\t\t\t\t<\/div>\n\t\t\t\t\t<\/div>\n\t\t<\/div>\n\t\t\t\t\t<\/div>\n\t\t<\/section>\n\t\t\t\t<section class=\"elementor-section elementor-top-section elementor-element elementor-element-63a7e262 elementor-section-boxed elementor-section-height-default elementor-section-height-default\" data-id=\"63a7e262\" data-element_type=\"section\" data-settings=\"{&quot;background_background&quot;:&quot;classic&quot;}\">\n\t\t\t\t\t\t<div class=\"elementor-container elementor-column-gap-default\">\n\t\t\t\t\t<div class=\"elementor-column elementor-col-100 elementor-top-column elementor-element elementor-element-1f721369\" data-id=\"1f721369\" data-element_type=\"column\">\n\t\t\t<div class=\"elementor-widget-wrap elementor-element-populated\">\n\t\t\t\t\t\t<section class=\"elementor-section elementor-inner-section elementor-element elementor-element-6929aaea elementor-section-boxed elementor-section-height-default elementor-section-height-default\" data-id=\"6929aaea\" data-element_type=\"section\">\n\t\t\t\t\t\t<div class=\"elementor-container elementor-column-gap-default\">\n\t\t\t\t\t<div class=\"elementor-column elementor-col-50 elementor-inner-column elementor-element elementor-element-33461563\" data-id=\"33461563\" data-element_type=\"column\">\n\t\t\t<div class=\"elementor-widget-wrap elementor-element-populated\">\n\t\t\t\t\t\t<div class=\"elementor-element elementor-element-44854beb elementor-widget elementor-widget-image\" data-id=\"44854beb\" data-element_type=\"widget\" data-widget_type=\"image.default\">\n\t\t\t\t<div class=\"elementor-widget-container\">\n\t\t\t\t\t\t\t\t\t\t\t\t\t\t\t<img fetchpriority=\"high\" decoding=\"async\" width=\"800\" height=\"600\" src=\"https:\/\/eco-e.com.tr\/wp-content\/uploads\/2023\/10\/Untitled-2-1024x768.jpg\" class=\"attachment-large size-large wp-image-896\" alt=\"\" srcset=\"https:\/\/eco-e.com.tr\/wp-content\/uploads\/2023\/10\/Untitled-2-1024x768.jpg 1024w, https:\/\/eco-e.com.tr\/wp-content\/uploads\/2023\/10\/Untitled-2-300x225.jpg 300w, https:\/\/eco-e.com.tr\/wp-content\/uploads\/2023\/10\/Untitled-2-768x576.jpg 768w, https:\/\/eco-e.com.tr\/wp-content\/uploads\/2023\/10\/Untitled-2-1536x1152.jpg 1536w, https:\/\/eco-e.com.tr\/wp-content\/uploads\/2023\/10\/Untitled-2.jpg 2000w\" sizes=\"(max-width: 800px) 100vw, 800px\" \/>\t\t\t\t\t\t\t\t\t\t\t\t\t\t\t<\/div>\n\t\t\t\t<\/div>\n\t\t\t\t\t<\/div>\n\t\t<\/div>\n\t\t\t\t<div class=\"elementor-column elementor-col-50 elementor-inner-column elementor-element elementor-element-23dbb239\" data-id=\"23dbb239\" data-element_type=\"column\">\n\t\t\t<div class=\"elementor-widget-wrap elementor-element-populated\">\n\t\t\t\t\t\t<div class=\"elementor-element elementor-element-3a8b2e9c elementor-widget elementor-widget-heading\" data-id=\"3a8b2e9c\" data-element_type=\"widget\" data-widget_type=\"heading.default\">\n\t\t\t\t<div class=\"elementor-widget-container\">\n\t\t\t\t\t<p class=\"elementor-heading-title elementor-size-default\">Design<\/p>\t\t\t\t<\/div>\n\t\t\t\t<\/div>\n\t\t\t\t<div class=\"elementor-element elementor-element-74c2bad elementor-widget elementor-widget-text-editor\" data-id=\"74c2bad\" data-element_type=\"widget\" data-widget_type=\"text-editor.default\">\n\t\t\t\t<div class=\"elementor-widget-container\">\n\t\t\t\t\t\t\t\t\t<p>Based on customer satisfaction and trust; by producing accurate and fast solutions, competent R&amp;D personnel works to increase the continuity of quality and productivity.<\/p><p>Innovative develops itself technologically by following the developments and changes in its field.<\/p>\t\t\t\t\t\t\t\t<\/div>\n\t\t\t\t<\/div>\n\t\t\t\t\t<\/div>\n\t\t<\/div>\n\t\t\t\t\t<\/div>\n\t\t<\/section>\n\t\t\t\t<section class=\"elementor-section elementor-inner-section elementor-element elementor-element-2c62b640 elementor-section-boxed elementor-section-height-default elementor-section-height-default\" data-id=\"2c62b640\" data-element_type=\"section\">\n\t\t\t\t\t\t<div class=\"elementor-container elementor-column-gap-default\">\n\t\t\t\t\t<div class=\"elementor-column elementor-col-50 elementor-inner-column elementor-element elementor-element-6287bd93\" data-id=\"6287bd93\" data-element_type=\"column\">\n\t\t\t<div class=\"elementor-widget-wrap elementor-element-populated\">\n\t\t\t\t\t\t<div class=\"elementor-element elementor-element-1541f8f3 elementor-widget elementor-widget-image\" data-id=\"1541f8f3\" data-element_type=\"widget\" data-widget_type=\"image.default\">\n\t\t\t\t<div class=\"elementor-widget-container\">\n\t\t\t\t\t\t\t\t\t\t\t\t\t\t\t<img decoding=\"async\" width=\"800\" height=\"600\" src=\"https:\/\/eco-e.com.tr\/wp-content\/uploads\/2023\/10\/cekirdik-1024x768.jpg\" class=\"attachment-large size-large wp-image-908\" alt=\"\" srcset=\"https:\/\/eco-e.com.tr\/wp-content\/uploads\/2023\/10\/cekirdik-1024x768.jpg 1024w, https:\/\/eco-e.com.tr\/wp-content\/uploads\/2023\/10\/cekirdik-300x225.jpg 300w, https:\/\/eco-e.com.tr\/wp-content\/uploads\/2023\/10\/cekirdik-768x576.jpg 768w, https:\/\/eco-e.com.tr\/wp-content\/uploads\/2023\/10\/cekirdik-1536x1152.jpg 1536w, https:\/\/eco-e.com.tr\/wp-content\/uploads\/2023\/10\/cekirdik.jpg 2000w\" sizes=\"(max-width: 800px) 100vw, 800px\" \/>\t\t\t\t\t\t\t\t\t\t\t\t\t\t\t<\/div>\n\t\t\t\t<\/div>\n\t\t\t\t\t<\/div>\n\t\t<\/div>\n\t\t\t\t<div class=\"elementor-column elementor-col-50 elementor-inner-column elementor-element elementor-element-36250cb9\" data-id=\"36250cb9\" data-element_type=\"column\">\n\t\t\t<div class=\"elementor-widget-wrap elementor-element-populated\">\n\t\t\t\t\t\t<div class=\"elementor-element elementor-element-64510f13 elementor-widget elementor-widget-heading\" data-id=\"64510f13\" data-element_type=\"widget\" data-widget_type=\"heading.default\">\n\t\t\t\t<div class=\"elementor-widget-container\">\n\t\t\t\t\t<p class=\"elementor-heading-title elementor-size-default\">Core<\/p>\t\t\t\t<\/div>\n\t\t\t\t<\/div>\n\t\t\t\t<div class=\"elementor-element elementor-element-774f1dc8 elementor-widget elementor-widget-text-editor\" data-id=\"774f1dc8\" data-element_type=\"widget\" data-widget_type=\"text-editor.default\">\n\t\t\t\t<div class=\"elementor-widget-container\">\n\t\t\t\t\t\t\t\t\t<p>Transformat\u00f6rlerin \u00e7ekirdekleri (n\u00fcveleri) so\u011fuk haddelenmi\u015f ve y\u00f6nlendirilmi\u015f silisli saclardan yap\u0131l\u0131r. N\u00fcveler, kay\u0131p s\u0131n\u0131flar\u0131na g\u00f6re \u00e7e\u015fitlilik g\u00f6sterir. 0.18, 0.20, 0.23 ve 0.27 mm kal\u0131nl\u0131\u011f\u0131nda d\u00fc\u015f\u00fck kay\u0131pl\u0131 birinci s\u0131n\u0131f saclar kullan\u0131larak \u00fcretilir.<\/p>\n<p>Teknolojik geli\u015fmeler ve Avrupa standartlar\u0131nda ya\u015fanacak kay\u0131p d\u00fc\u015f\u00fcmlerine g\u00f6re sac teknolojisi de geli\u015fmektedir. Eco Transformator d\u00fc\u015f\u00fck kay\u0131pl\u0131 saclar\u0131n kullan\u0131m\u0131na uygun tasar\u0131m ve \u00fcretim faaliyetleri y\u00fcr\u00fctmektedir.<\/p>\t\t\t\t\t\t\t\t<\/div>\n\t\t\t\t<\/div>\n\t\t\t\t\t<\/div>\n\t\t<\/div>\n\t\t\t\t\t<\/div>\n\t\t<\/section>\n\t\t\t\t<section class=\"elementor-section elementor-inner-section elementor-element elementor-element-21208c3d elementor-section-boxed elementor-section-height-default elementor-section-height-default\" data-id=\"21208c3d\" data-element_type=\"section\">\n\t\t\t\t\t\t<div class=\"elementor-container elementor-column-gap-default\">\n\t\t\t\t\t<div class=\"elementor-column elementor-col-50 elementor-inner-column elementor-element elementor-element-2b9dfc0b\" data-id=\"2b9dfc0b\" data-element_type=\"column\">\n\t\t\t<div class=\"elementor-widget-wrap elementor-element-populated\">\n\t\t\t\t\t\t<div class=\"elementor-element elementor-element-401bc3ad elementor-widget elementor-widget-image\" data-id=\"401bc3ad\" data-element_type=\"widget\" data-widget_type=\"image.default\">\n\t\t\t\t<div class=\"elementor-widget-container\">\n\t\t\t\t\t\t\t\t\t\t\t\t\t\t\t<img decoding=\"async\" width=\"800\" height=\"600\" src=\"https:\/\/eco-e.com.tr\/wp-content\/uploads\/2023\/10\/sargi-1024x768.jpg\" class=\"attachment-large size-large wp-image-904\" alt=\"\" srcset=\"https:\/\/eco-e.com.tr\/wp-content\/uploads\/2023\/10\/sargi-1024x768.jpg 1024w, https:\/\/eco-e.com.tr\/wp-content\/uploads\/2023\/10\/sargi-300x225.jpg 300w, https:\/\/eco-e.com.tr\/wp-content\/uploads\/2023\/10\/sargi-768x576.jpg 768w, https:\/\/eco-e.com.tr\/wp-content\/uploads\/2023\/10\/sargi-1536x1152.jpg 1536w, https:\/\/eco-e.com.tr\/wp-content\/uploads\/2023\/10\/sargi.jpg 2000w\" sizes=\"(max-width: 800px) 100vw, 800px\" \/>\t\t\t\t\t\t\t\t\t\t\t\t\t\t\t<\/div>\n\t\t\t\t<\/div>\n\t\t\t\t\t<\/div>\n\t\t<\/div>\n\t\t\t\t<div class=\"elementor-column elementor-col-50 elementor-inner-column elementor-element elementor-element-3ea1a5b3\" data-id=\"3ea1a5b3\" data-element_type=\"column\">\n\t\t\t<div class=\"elementor-widget-wrap elementor-element-populated\">\n\t\t\t\t\t\t<div class=\"elementor-element elementor-element-2febf32e elementor-widget elementor-widget-heading\" data-id=\"2febf32e\" data-element_type=\"widget\" data-widget_type=\"heading.default\">\n\t\t\t\t<div class=\"elementor-widget-container\">\n\t\t\t\t\t<p class=\"elementor-heading-title elementor-size-default\">Windings<\/p>\t\t\t\t<\/div>\n\t\t\t\t<\/div>\n\t\t\t\t<div class=\"elementor-element elementor-element-6bb3ddb3 elementor-widget elementor-widget-text-editor\" data-id=\"6bb3ddb3\" data-element_type=\"widget\" data-widget_type=\"text-editor.default\">\n\t\t\t\t<div class=\"elementor-widget-container\">\n\t\t\t\t\t\t\t\t\t<p>Transformer windings are winded as low voltage and high voltage windings. Copper or aluminium is used as material in accordance with the design and customer demands.<\/p>\t\t\t\t\t\t\t\t<\/div>\n\t\t\t\t<\/div>\n\t\t\t\t\t<\/div>\n\t\t<\/div>\n\t\t\t\t\t<\/div>\n\t\t<\/section>\n\t\t\t\t<section class=\"elementor-section elementor-inner-section elementor-element elementor-element-4eb9f75b elementor-section-boxed elementor-section-height-default elementor-section-height-default\" data-id=\"4eb9f75b\" data-element_type=\"section\">\n\t\t\t\t\t\t<div class=\"elementor-container elementor-column-gap-default\">\n\t\t\t\t\t<div class=\"elementor-column elementor-col-50 elementor-inner-column elementor-element elementor-element-3dc4921c\" data-id=\"3dc4921c\" data-element_type=\"column\">\n\t\t\t<div class=\"elementor-widget-wrap elementor-element-populated\">\n\t\t\t\t\t\t<div class=\"elementor-element elementor-element-2aa7e5a4 elementor-widget elementor-widget-image\" data-id=\"2aa7e5a4\" data-element_type=\"widget\" data-widget_type=\"image.default\">\n\t\t\t\t<div class=\"elementor-widget-container\">\n\t\t\t\t\t\t\t\t\t\t\t\t\t\t\t<img loading=\"lazy\" decoding=\"async\" width=\"800\" height=\"600\" src=\"https:\/\/eco-e.com.tr\/wp-content\/uploads\/2023\/10\/montaj-1024x768.jpg\" class=\"attachment-large size-large wp-image-900\" alt=\"\" srcset=\"https:\/\/eco-e.com.tr\/wp-content\/uploads\/2023\/10\/montaj-1024x768.jpg 1024w, https:\/\/eco-e.com.tr\/wp-content\/uploads\/2023\/10\/montaj-300x225.jpg 300w, https:\/\/eco-e.com.tr\/wp-content\/uploads\/2023\/10\/montaj-768x576.jpg 768w, https:\/\/eco-e.com.tr\/wp-content\/uploads\/2023\/10\/montaj-1536x1152.jpg 1536w, https:\/\/eco-e.com.tr\/wp-content\/uploads\/2023\/10\/montaj.jpg 2000w\" sizes=\"(max-width: 800px) 100vw, 800px\" \/>\t\t\t\t\t\t\t\t\t\t\t\t\t\t\t<\/div>\n\t\t\t\t<\/div>\n\t\t\t\t\t<\/div>\n\t\t<\/div>\n\t\t\t\t<div class=\"elementor-column elementor-col-50 elementor-inner-column elementor-element elementor-element-37201510\" data-id=\"37201510\" data-element_type=\"column\">\n\t\t\t<div class=\"elementor-widget-wrap elementor-element-populated\">\n\t\t\t\t\t\t<div class=\"elementor-element elementor-element-20d040b3 elementor-widget elementor-widget-heading\" data-id=\"20d040b3\" data-element_type=\"widget\" data-widget_type=\"heading.default\">\n\t\t\t\t<div class=\"elementor-widget-container\">\n\t\t\t\t\t<p class=\"elementor-heading-title elementor-size-default\">Assembly<\/p>\t\t\t\t<\/div>\n\t\t\t\t<\/div>\n\t\t\t\t<div class=\"elementor-element elementor-element-7c9d8255 elementor-widget elementor-widget-text-editor\" data-id=\"7c9d8255\" data-element_type=\"widget\" data-widget_type=\"text-editor.default\">\n\t\t\t\t<div class=\"elementor-widget-container\">\n\t\t\t\t\t\t\t\t\t<p>The produced cores and windings are assembled and connected according to the design. All oil transformers are placed in the boiler after drying in the drying oven under vacuum and oil is filled under vacuum.<\/p>\t\t\t\t\t\t\t\t<\/div>\n\t\t\t\t<\/div>\n\t\t\t\t\t<\/div>\n\t\t<\/div>\n\t\t\t\t\t<\/div>\n\t\t<\/section>\n\t\t\t\t<section class=\"elementor-section elementor-inner-section elementor-element elementor-element-d052d9c elementor-section-boxed elementor-section-height-default elementor-section-height-default\" data-id=\"d052d9c\" data-element_type=\"section\">\n\t\t\t\t\t\t<div class=\"elementor-container elementor-column-gap-default\">\n\t\t\t\t\t<div class=\"elementor-column elementor-col-50 elementor-inner-column elementor-element elementor-element-85247a2\" data-id=\"85247a2\" data-element_type=\"column\">\n\t\t\t<div class=\"elementor-widget-wrap elementor-element-populated\">\n\t\t\t\t\t\t<div class=\"elementor-element elementor-element-f4801b4 elementor-widget elementor-widget-image\" data-id=\"f4801b4\" data-element_type=\"widget\" data-widget_type=\"image.default\">\n\t\t\t\t<div class=\"elementor-widget-container\">\n\t\t\t\t\t\t\t\t\t\t\t\t\t\t\t<img loading=\"lazy\" decoding=\"async\" width=\"800\" height=\"800\" src=\"https:\/\/eco-e.com.tr\/wp-content\/uploads\/2023\/10\/ecosonresim.jpg\" class=\"attachment-large size-large wp-image-1011\" alt=\"\" srcset=\"https:\/\/eco-e.com.tr\/wp-content\/uploads\/2023\/10\/ecosonresim.jpg 1024w, https:\/\/eco-e.com.tr\/wp-content\/uploads\/2023\/10\/ecosonresim-300x300.jpg 300w, https:\/\/eco-e.com.tr\/wp-content\/uploads\/2023\/10\/ecosonresim-150x150.jpg 150w, https:\/\/eco-e.com.tr\/wp-content\/uploads\/2023\/10\/ecosonresim-768x768.jpg 768w\" sizes=\"(max-width: 800px) 100vw, 800px\" \/>\t\t\t\t\t\t\t\t\t\t\t\t\t\t\t<\/div>\n\t\t\t\t<\/div>\n\t\t\t\t\t<\/div>\n\t\t<\/div>\n\t\t\t\t<div class=\"elementor-column elementor-col-50 elementor-inner-column elementor-element elementor-element-8b8123f\" data-id=\"8b8123f\" data-element_type=\"column\">\n\t\t\t<div class=\"elementor-widget-wrap elementor-element-populated\">\n\t\t\t\t\t\t<div class=\"elementor-element elementor-element-51814e5 elementor-widget elementor-widget-heading\" data-id=\"51814e5\" data-element_type=\"widget\" data-widget_type=\"heading.default\">\n\t\t\t\t<div class=\"elementor-widget-container\">\n\t\t\t\t\t<p class=\"elementor-heading-title elementor-size-default\">Painting<\/p>\t\t\t\t<\/div>\n\t\t\t\t<\/div>\n\t\t\t\t<div class=\"elementor-element elementor-element-5c34350 elementor-widget elementor-widget-text-editor\" data-id=\"5c34350\" data-element_type=\"widget\" data-widget_type=\"text-editor.default\">\n\t\t\t\t<div class=\"elementor-widget-container\">\n\t\t\t\t\t\t\t\t\t<p>All mechanical parts are painted according to the surface protection procedure in accordance with IEC standards according to customer demands and the climatic conditions in which they will work.<\/p>\t\t\t\t\t\t\t\t<\/div>\n\t\t\t\t<\/div>\n\t\t\t\t\t<\/div>\n\t\t<\/div>\n\t\t\t\t\t<\/div>\n\t\t<\/section>\n\t\t\t\t\t<\/div>\n\t\t<\/div>\n\t\t\t\t\t<\/div>\n\t\t<\/section>\n\t\t\t\t<\/div>","protected":false},"excerpt":{"rendered":"<p>\u00dcretim Tasar\u0131m M\u00fc\u015fteri memnuniyetini ve g\u00fcvenini esas alarak; do\u011fru ve h\u0131zl\u0131 \u00e7\u00f6z\u00fcmler \u00fcreterek, konusunda yetkin Ar-Ge personelleri taraf\u0131ndan kalitenin s\u00fcreklili\u011fi ve verimlili\u011fin art\u0131r\u0131lmas\u0131 i\u00e7in \u00e7al\u0131\u015f\u0131lmaktad\u0131r. \u0130novatif, alan\u0131nda yer alan geli\u015fmeleri ve de\u011fi\u015fimleri takip ederek teknolojik olarak kendini geli\u015ftirmektedir. \u00c7ekirdek Transformat\u00f6rlerin \u00e7ekirdekleri (n\u00fcveleri) so\u011fuk haddelenmi\u015f ve y\u00f6nlendirilmi\u015f silisli saclardan yap\u0131l\u0131r. N\u00fcveler, kay\u0131p s\u0131n\u0131flar\u0131na g\u00f6re \u00e7e\u015fitlilik g\u00f6sterir. [&hellip;]<\/p>","protected":false},"author":1,"featured_media":0,"parent":0,"menu_order":0,"comment_status":"closed","ping_status":"closed","template":"elementor_header_footer","meta":{"footnotes":""},"class_list":["post-127","page","type-page","status-publish","hentry"],"_links":{"self":[{"href":"https:\/\/eco-e.com.tr\/en\/wp-json\/wp\/v2\/pages\/127","targetHints":{"allow":["GET"]}}],"collection":[{"href":"https:\/\/eco-e.com.tr\/en\/wp-json\/wp\/v2\/pages"}],"about":[{"href":"https:\/\/eco-e.com.tr\/en\/wp-json\/wp\/v2\/types\/page"}],"author":[{"embeddable":true,"href":"https:\/\/eco-e.com.tr\/en\/wp-json\/wp\/v2\/users\/1"}],"replies":[{"embeddable":true,"href":"https:\/\/eco-e.com.tr\/en\/wp-json\/wp\/v2\/comments?post=127"}],"version-history":[{"count":133,"href":"https:\/\/eco-e.com.tr\/en\/wp-json\/wp\/v2\/pages\/127\/revisions"}],"predecessor-version":[{"id":1073,"href":"https:\/\/eco-e.com.tr\/en\/wp-json\/wp\/v2\/pages\/127\/revisions\/1073"}],"wp:attachment":[{"href":"https:\/\/eco-e.com.tr\/en\/wp-json\/wp\/v2\/media?parent=127"}],"curies":[{"name":"wp","href":"https:\/\/api.w.org\/{rel}","templated":true}]}}