{"id":125,"date":"2023-09-19T19:28:16","date_gmt":"2023-09-19T19:28:16","guid":{"rendered":"https:\/\/ecoenerjias.com\/?page_id=125"},"modified":"2024-02-15T11:12:58","modified_gmt":"2024-02-15T11:12:58","slug":"kalite","status":"publish","type":"page","link":"https:\/\/eco-e.com.tr\/en\/kalite\/","title":{"rendered":"Quality"},"content":{"rendered":"<div data-elementor-type=\"wp-page\" data-elementor-id=\"125\" class=\"elementor elementor-125\" data-elementor-post-type=\"page\">\n\t\t\t\t\t\t<section class=\"elementor-section elementor-top-section elementor-element elementor-element-309d5c06 elementor-section-boxed elementor-section-height-default elementor-section-height-default\" data-id=\"309d5c06\" data-element_type=\"section\" data-settings=\"{&quot;background_background&quot;:&quot;classic&quot;}\">\n\t\t\t\t\t\t\t<div class=\"elementor-background-overlay\"><\/div>\n\t\t\t\t\t\t\t<div class=\"elementor-container elementor-column-gap-default\">\n\t\t\t\t\t<div class=\"elementor-column elementor-col-100 elementor-top-column elementor-element elementor-element-75b55c78\" data-id=\"75b55c78\" data-element_type=\"column\">\n\t\t\t<div class=\"elementor-widget-wrap elementor-element-populated\">\n\t\t\t\t\t\t<div class=\"elementor-element elementor-element-58110c03 elementor-widget elementor-widget-heading\" data-id=\"58110c03\" data-element_type=\"widget\" data-widget_type=\"heading.default\">\n\t\t\t\t<div class=\"elementor-widget-container\">\n\t\t\t\t\t<h2 class=\"elementor-heading-title elementor-size-default\">Quality<\/h2>\t\t\t\t<\/div>\n\t\t\t\t<\/div>\n\t\t\t\t\t<\/div>\n\t\t<\/div>\n\t\t\t\t\t<\/div>\n\t\t<\/section>\n\t\t\t\t<section class=\"elementor-section elementor-top-section elementor-element elementor-element-593e5546 elementor-section-boxed elementor-section-height-default elementor-section-height-default\" data-id=\"593e5546\" data-element_type=\"section\">\n\t\t\t\t\t\t<div class=\"elementor-container elementor-column-gap-extended\">\n\t\t\t\t\t<div class=\"elementor-column elementor-col-50 elementor-top-column elementor-element elementor-element-33402ab elementor-hidden-mobile\" data-id=\"33402ab\" data-element_type=\"column\">\n\t\t\t<div class=\"elementor-widget-wrap elementor-element-populated\">\n\t\t\t\t\t\t<section class=\"elementor-section elementor-inner-section elementor-element elementor-element-509160d8 elementor-section-boxed elementor-section-height-default elementor-section-height-default\" data-id=\"509160d8\" data-element_type=\"section\">\n\t\t\t\t\t\t<div class=\"elementor-container elementor-column-gap-default\">\n\t\t\t\t\t<div class=\"elementor-column elementor-col-100 elementor-inner-column elementor-element elementor-element-1245f4e0\" data-id=\"1245f4e0\" data-element_type=\"column\">\n\t\t\t<div class=\"elementor-widget-wrap elementor-element-populated\">\n\t\t\t\t\t\t<div class=\"elementor-element elementor-element-16edd7f elementor-widget elementor-widget-image\" data-id=\"16edd7f\" data-element_type=\"widget\" data-widget_type=\"image.default\">\n\t\t\t\t<div class=\"elementor-widget-container\">\n\t\t\t\t\t\t\t\t\t\t\t\t\t\t\t<img fetchpriority=\"high\" decoding=\"async\" width=\"787\" height=\"778\" src=\"https:\/\/eco-e.com.tr\/wp-content\/uploads\/2023\/10\/qality.jpg\" class=\"attachment-large size-large wp-image-676\" alt=\"\" srcset=\"https:\/\/eco-e.com.tr\/wp-content\/uploads\/2023\/10\/qality.jpg 787w, https:\/\/eco-e.com.tr\/wp-content\/uploads\/2023\/10\/qality-300x297.jpg 300w, https:\/\/eco-e.com.tr\/wp-content\/uploads\/2023\/10\/qality-768x759.jpg 768w\" sizes=\"(max-width: 787px) 100vw, 787px\" \/>\t\t\t\t\t\t\t\t\t\t\t\t\t\t\t<\/div>\n\t\t\t\t<\/div>\n\t\t\t\t\t<\/div>\n\t\t<\/div>\n\t\t\t\t\t<\/div>\n\t\t<\/section>\n\t\t\t\t\t<\/div>\n\t\t<\/div>\n\t\t\t\t<div class=\"elementor-column elementor-col-50 elementor-top-column elementor-element elementor-element-2a0f004\" data-id=\"2a0f004\" data-element_type=\"column\">\n\t\t\t<div class=\"elementor-widget-wrap elementor-element-populated\">\n\t\t\t\t\t\t<section class=\"elementor-section elementor-inner-section elementor-element elementor-element-77d96c85 elementor-section-boxed elementor-section-height-default elementor-section-height-default\" data-id=\"77d96c85\" data-element_type=\"section\">\n\t\t\t\t\t\t<div class=\"elementor-container elementor-column-gap-default\">\n\t\t\t\t\t<div class=\"elementor-column elementor-col-100 elementor-inner-column elementor-element elementor-element-1644efb6\" data-id=\"1644efb6\" data-element_type=\"column\">\n\t\t\t<div class=\"elementor-widget-wrap elementor-element-populated\">\n\t\t\t\t\t\t<div class=\"elementor-element elementor-element-e1b9cb8 elementor-widget__width-auto elementor-invisible elementor-widget elementor-widget-heading\" data-id=\"e1b9cb8\" data-element_type=\"widget\" data-settings=\"{&quot;_animation&quot;:&quot;zoomIn&quot;}\" data-widget_type=\"heading.default\">\n\t\t\t\t<div class=\"elementor-widget-container\">\n\t\t\t\t\t<p class=\"elementor-heading-title elementor-size-default\">Eco Energy<\/p>\t\t\t\t<\/div>\n\t\t\t\t<\/div>\n\t\t\t\t\t<\/div>\n\t\t<\/div>\n\t\t\t\t\t<\/div>\n\t\t<\/section>\n\t\t\t\t<div class=\"elementor-element elementor-element-14980aee elementor-widget elementor-widget-text-editor\" data-id=\"14980aee\" data-element_type=\"widget\" data-widget_type=\"text-editor.default\">\n\t\t\t\t<div class=\"elementor-widget-container\">\n\t\t\t\t\t\t\t\t\t<p>We aim to ensure the contributions of our employees and to ensure continuous development while producing in accordance with occupational safety rules, respecting the environment, according to the expectations of our customers and standards, efficiently, completely and on time.<\/p><p>Adoption of quality understanding, participation, satisfaction and efforts of all employees and compliance with occupational safety rules are our common goal.<\/p><p>From the beginning of the project, we ensure continuous control with our process quality control activities applied during project management, design, procurement, production and testing phases.<\/p><p class=\"MsoNormal\">Our Test Laboratory has been established in line with the latest technological developments. It is equipped with regularly calibrated devices and measures the results of our designs in the most accurate way.<\/p><p>\u00a0<\/p><p class=\"MsoNormal\">It is equipped to perform all routine tests specified in the standard. In this way, we make sure that you can meet the long life of our high quality products at the most economical level.<\/p>\t\t\t\t\t\t\t\t<\/div>\n\t\t\t\t<\/div>\n\t\t\t\t\t<\/div>\n\t\t<\/div>\n\t\t\t\t\t<\/div>\n\t\t<\/section>\n\t\t<div class=\"elementor-element elementor-element-91bad5a e-flex e-con-boxed e-con e-parent\" data-id=\"91bad5a\" data-element_type=\"container\">\n\t\t\t\t\t<div class=\"e-con-inner\">\n\t\t<div class=\"elementor-element elementor-element-6c24607 e-con-full e-flex e-con e-child\" data-id=\"6c24607\" data-element_type=\"container\">\n\t\t\t\t<div class=\"elementor-element elementor-element-0548945 elementor-widget elementor-widget-image\" data-id=\"0548945\" data-element_type=\"widget\" data-widget_type=\"image.default\">\n\t\t\t\t<div class=\"elementor-widget-container\">\n\t\t\t\t\t\t\t\t\t\t\t\t\t\t\t\t<a href=\"https:\/\/eco-e.com.tr\/wp-content\/uploads\/2024\/01\/ECO1-scaled.jpg\" data-elementor-open-lightbox=\"yes\" data-elementor-lightbox-title=\"ECO1\" data-e-action-hash=\"#elementor-action%3Aaction%3Dlightbox%26settings%3DeyJpZCI6MTAyNiwidXJsIjoiaHR0cHM6XC9cL2Vjby1lLmNvbS50clwvd3AtY29udGVudFwvdXBsb2Fkc1wvMjAyNFwvMDFcL0VDTzEtc2NhbGVkLmpwZyJ9\">\n\t\t\t\t\t\t\t<img decoding=\"async\" width=\"724\" height=\"1024\" src=\"https:\/\/eco-e.com.tr\/wp-content\/uploads\/2024\/01\/ECO1-724x1024.jpg\" class=\"attachment-large size-large wp-image-1026\" alt=\"\" srcset=\"https:\/\/eco-e.com.tr\/wp-content\/uploads\/2024\/01\/ECO1-724x1024.jpg 724w, https:\/\/eco-e.com.tr\/wp-content\/uploads\/2024\/01\/ECO1-212x300.jpg 212w, https:\/\/eco-e.com.tr\/wp-content\/uploads\/2024\/01\/ECO1-768x1086.jpg 768w, https:\/\/eco-e.com.tr\/wp-content\/uploads\/2024\/01\/ECO1-1086x1536.jpg 1086w, https:\/\/eco-e.com.tr\/wp-content\/uploads\/2024\/01\/ECO1-1448x2048.jpg 1448w, https:\/\/eco-e.com.tr\/wp-content\/uploads\/2024\/01\/ECO1-scaled.jpg 1810w\" sizes=\"(max-width: 724px) 100vw, 724px\" \/>\t\t\t\t\t\t\t\t<\/a>\n\t\t\t\t\t\t\t\t\t\t\t\t\t\t\t<\/div>\n\t\t\t\t<\/div>\n\t\t\t\t<\/div>\n\t\t<div class=\"elementor-element elementor-element-b4b2309 e-con-full e-flex e-con e-child\" data-id=\"b4b2309\" data-element_type=\"container\">\n\t\t\t\t<div class=\"elementor-element elementor-element-5200a51 elementor-widget elementor-widget-image\" data-id=\"5200a51\" data-element_type=\"widget\" data-widget_type=\"image.default\">\n\t\t\t\t<div class=\"elementor-widget-container\">\n\t\t\t\t\t\t\t\t\t\t\t\t\t\t\t\t<a href=\"https:\/\/eco-e.com.tr\/wp-content\/uploads\/2024\/01\/ECO2-scaled.jpg\" data-elementor-open-lightbox=\"yes\" data-elementor-lightbox-title=\"ECO2\" data-e-action-hash=\"#elementor-action%3Aaction%3Dlightbox%26settings%3DeyJpZCI6MTAyOCwidXJsIjoiaHR0cHM6XC9cL2Vjby1lLmNvbS50clwvd3AtY29udGVudFwvdXBsb2Fkc1wvMjAyNFwvMDFcL0VDTzItc2NhbGVkLmpwZyJ9\">\n\t\t\t\t\t\t\t<img decoding=\"async\" width=\"724\" height=\"1024\" src=\"https:\/\/eco-e.com.tr\/wp-content\/uploads\/2024\/01\/ECO2-724x1024.jpg\" class=\"attachment-large size-large wp-image-1028\" alt=\"\" srcset=\"https:\/\/eco-e.com.tr\/wp-content\/uploads\/2024\/01\/ECO2-724x1024.jpg 724w, https:\/\/eco-e.com.tr\/wp-content\/uploads\/2024\/01\/ECO2-212x300.jpg 212w, https:\/\/eco-e.com.tr\/wp-content\/uploads\/2024\/01\/ECO2-768x1086.jpg 768w, https:\/\/eco-e.com.tr\/wp-content\/uploads\/2024\/01\/ECO2-1086x1536.jpg 1086w, https:\/\/eco-e.com.tr\/wp-content\/uploads\/2024\/01\/ECO2-1448x2048.jpg 1448w, https:\/\/eco-e.com.tr\/wp-content\/uploads\/2024\/01\/ECO2-scaled.jpg 1810w\" sizes=\"(max-width: 724px) 100vw, 724px\" \/>\t\t\t\t\t\t\t\t<\/a>\n\t\t\t\t\t\t\t\t\t\t\t\t\t\t\t<\/div>\n\t\t\t\t<\/div>\n\t\t\t\t<\/div>\n\t\t<div class=\"elementor-element elementor-element-3c864bd e-con-full e-flex e-con e-child\" data-id=\"3c864bd\" data-element_type=\"container\">\n\t\t\t\t<div class=\"elementor-element elementor-element-6cdf636 elementor-widget elementor-widget-image\" data-id=\"6cdf636\" data-element_type=\"widget\" data-widget_type=\"image.default\">\n\t\t\t\t<div class=\"elementor-widget-container\">\n\t\t\t\t\t\t\t\t\t\t\t\t\t\t\t\t<a href=\"https:\/\/eco-e.com.tr\/wp-content\/uploads\/2024\/01\/ECO3-scaled.jpg\" data-elementor-open-lightbox=\"yes\" data-elementor-lightbox-title=\"ECO3\" data-e-action-hash=\"#elementor-action%3Aaction%3Dlightbox%26settings%3DeyJpZCI6MTAyOSwidXJsIjoiaHR0cHM6XC9cL2Vjby1lLmNvbS50clwvd3AtY29udGVudFwvdXBsb2Fkc1wvMjAyNFwvMDFcL0VDTzMtc2NhbGVkLmpwZyJ9\">\n\t\t\t\t\t\t\t<img loading=\"lazy\" decoding=\"async\" width=\"724\" height=\"1024\" src=\"https:\/\/eco-e.com.tr\/wp-content\/uploads\/2024\/01\/ECO3-724x1024.jpg\" class=\"attachment-large size-large wp-image-1029\" alt=\"\" srcset=\"https:\/\/eco-e.com.tr\/wp-content\/uploads\/2024\/01\/ECO3-724x1024.jpg 724w, https:\/\/eco-e.com.tr\/wp-content\/uploads\/2024\/01\/ECO3-212x300.jpg 212w, https:\/\/eco-e.com.tr\/wp-content\/uploads\/2024\/01\/ECO3-768x1086.jpg 768w, https:\/\/eco-e.com.tr\/wp-content\/uploads\/2024\/01\/ECO3-1086x1536.jpg 1086w, https:\/\/eco-e.com.tr\/wp-content\/uploads\/2024\/01\/ECO3-1448x2048.jpg 1448w, https:\/\/eco-e.com.tr\/wp-content\/uploads\/2024\/01\/ECO3-scaled.jpg 1810w\" sizes=\"(max-width: 724px) 100vw, 724px\" \/>\t\t\t\t\t\t\t\t<\/a>\n\t\t\t\t\t\t\t\t\t\t\t\t\t\t\t<\/div>\n\t\t\t\t<\/div>\n\t\t\t\t<\/div>\n\t\t\t\t\t<\/div>\n\t\t\t\t<\/div>\n\t\t<div class=\"elementor-element elementor-element-6fe3f87 e-flex e-con-boxed e-con e-parent\" data-id=\"6fe3f87\" data-element_type=\"container\">\n\t\t\t\t\t<div class=\"e-con-inner\">\n\t\t<div class=\"elementor-element elementor-element-46cc13b e-con-full e-flex e-con e-child\" data-id=\"46cc13b\" data-element_type=\"container\">\n\t\t\t\t<div class=\"elementor-element elementor-element-726898b elementor-widget elementor-widget-image\" data-id=\"726898b\" data-element_type=\"widget\" data-widget_type=\"image.default\">\n\t\t\t\t<div class=\"elementor-widget-container\">\n\t\t\t\t\t\t\t\t\t\t\t\t\t\t\t\t<a href=\"https:\/\/eco-e.com.tr\/wp-content\/uploads\/2024\/01\/ECO4-scaled.jpg\" data-elementor-open-lightbox=\"yes\" data-elementor-lightbox-title=\"ECO4\" data-e-action-hash=\"#elementor-action%3Aaction%3Dlightbox%26settings%3DeyJpZCI6MTAzMCwidXJsIjoiaHR0cHM6XC9cL2Vjby1lLmNvbS50clwvd3AtY29udGVudFwvdXBsb2Fkc1wvMjAyNFwvMDFcL0VDTzQtc2NhbGVkLmpwZyJ9\">\n\t\t\t\t\t\t\t<img loading=\"lazy\" decoding=\"async\" width=\"724\" height=\"1024\" src=\"https:\/\/eco-e.com.tr\/wp-content\/uploads\/2024\/01\/ECO4-724x1024.jpg\" class=\"attachment-large size-large wp-image-1030\" alt=\"\" srcset=\"https:\/\/eco-e.com.tr\/wp-content\/uploads\/2024\/01\/ECO4-724x1024.jpg 724w, https:\/\/eco-e.com.tr\/wp-content\/uploads\/2024\/01\/ECO4-212x300.jpg 212w, https:\/\/eco-e.com.tr\/wp-content\/uploads\/2024\/01\/ECO4-768x1086.jpg 768w, https:\/\/eco-e.com.tr\/wp-content\/uploads\/2024\/01\/ECO4-1086x1536.jpg 1086w, https:\/\/eco-e.com.tr\/wp-content\/uploads\/2024\/01\/ECO4-1448x2048.jpg 1448w, https:\/\/eco-e.com.tr\/wp-content\/uploads\/2024\/01\/ECO4-scaled.jpg 1810w\" sizes=\"(max-width: 724px) 100vw, 724px\" \/>\t\t\t\t\t\t\t\t<\/a>\n\t\t\t\t\t\t\t\t\t\t\t\t\t\t\t<\/div>\n\t\t\t\t<\/div>\n\t\t\t\t<\/div>\n\t\t<div class=\"elementor-element elementor-element-0c4bfc7 e-con-full e-flex e-con e-child\" data-id=\"0c4bfc7\" data-element_type=\"container\">\n\t\t\t\t<div class=\"elementor-element elementor-element-8cc11be elementor-widget elementor-widget-image\" data-id=\"8cc11be\" data-element_type=\"widget\" data-widget_type=\"image.default\">\n\t\t\t\t<div class=\"elementor-widget-container\">\n\t\t\t\t\t\t\t\t\t\t\t\t\t\t\t\t<a href=\"https:\/\/eco-e.com.tr\/wp-content\/uploads\/2024\/01\/ECO5-scaled.jpg\" data-elementor-open-lightbox=\"yes\" data-elementor-lightbox-title=\"ECO5\" data-e-action-hash=\"#elementor-action%3Aaction%3Dlightbox%26settings%3DeyJpZCI6MTAzMSwidXJsIjoiaHR0cHM6XC9cL2Vjby1lLmNvbS50clwvd3AtY29udGVudFwvdXBsb2Fkc1wvMjAyNFwvMDFcL0VDTzUtc2NhbGVkLmpwZyJ9\">\n\t\t\t\t\t\t\t<img loading=\"lazy\" decoding=\"async\" width=\"724\" height=\"1024\" src=\"https:\/\/eco-e.com.tr\/wp-content\/uploads\/2024\/01\/ECO5-724x1024.jpg\" class=\"attachment-large size-large wp-image-1031\" alt=\"\" srcset=\"https:\/\/eco-e.com.tr\/wp-content\/uploads\/2024\/01\/ECO5-724x1024.jpg 724w, https:\/\/eco-e.com.tr\/wp-content\/uploads\/2024\/01\/ECO5-212x300.jpg 212w, https:\/\/eco-e.com.tr\/wp-content\/uploads\/2024\/01\/ECO5-768x1086.jpg 768w, https:\/\/eco-e.com.tr\/wp-content\/uploads\/2024\/01\/ECO5-1086x1536.jpg 1086w, https:\/\/eco-e.com.tr\/wp-content\/uploads\/2024\/01\/ECO5-1448x2048.jpg 1448w, https:\/\/eco-e.com.tr\/wp-content\/uploads\/2024\/01\/ECO5-scaled.jpg 1810w\" sizes=\"(max-width: 724px) 100vw, 724px\" \/>\t\t\t\t\t\t\t\t<\/a>\n\t\t\t\t\t\t\t\t\t\t\t\t\t\t\t<\/div>\n\t\t\t\t<\/div>\n\t\t\t\t<\/div>\n\t\t<div class=\"elementor-element elementor-element-0c7f951 e-con-full e-flex e-con e-child\" data-id=\"0c7f951\" data-element_type=\"container\">\n\t\t\t\t<div class=\"elementor-element elementor-element-e61d66c elementor-widget elementor-widget-image\" data-id=\"e61d66c\" data-element_type=\"widget\" data-widget_type=\"image.default\">\n\t\t\t\t<div class=\"elementor-widget-container\">\n\t\t\t\t\t\t\t\t\t\t\t\t\t\t\t\t<a href=\"https:\/\/eco-e.com.tr\/wp-content\/uploads\/2024\/01\/CCF29012024_0001-scaled.jpg\" data-elementor-open-lightbox=\"yes\" data-elementor-lightbox-title=\"CCF29012024_0001\" data-e-action-hash=\"#elementor-action%3Aaction%3Dlightbox%26settings%3DeyJpZCI6MTAzMiwidXJsIjoiaHR0cHM6XC9cL2Vjby1lLmNvbS50clwvd3AtY29udGVudFwvdXBsb2Fkc1wvMjAyNFwvMDFcL0NDRjI5MDEyMDI0XzAwMDEtc2NhbGVkLmpwZyJ9\">\n\t\t\t\t\t\t\t<img loading=\"lazy\" decoding=\"async\" width=\"718\" height=\"1024\" src=\"https:\/\/eco-e.com.tr\/wp-content\/uploads\/2024\/01\/CCF29012024_0001-718x1024.jpg\" class=\"attachment-large size-large wp-image-1032\" alt=\"\" srcset=\"https:\/\/eco-e.com.tr\/wp-content\/uploads\/2024\/01\/CCF29012024_0001-718x1024.jpg 718w, https:\/\/eco-e.com.tr\/wp-content\/uploads\/2024\/01\/CCF29012024_0001-210x300.jpg 210w, https:\/\/eco-e.com.tr\/wp-content\/uploads\/2024\/01\/CCF29012024_0001-768x1095.jpg 768w, https:\/\/eco-e.com.tr\/wp-content\/uploads\/2024\/01\/CCF29012024_0001-1077x1536.jpg 1077w, https:\/\/eco-e.com.tr\/wp-content\/uploads\/2024\/01\/CCF29012024_0001-1436x2048.jpg 1436w, https:\/\/eco-e.com.tr\/wp-content\/uploads\/2024\/01\/CCF29012024_0001-scaled.jpg 1795w\" sizes=\"(max-width: 718px) 100vw, 718px\" \/>\t\t\t\t\t\t\t\t<\/a>\n\t\t\t\t\t\t\t\t\t\t\t\t\t\t\t<\/div>\n\t\t\t\t<\/div>\n\t\t\t\t<\/div>\n\t\t\t\t\t<\/div>\n\t\t\t\t<\/div>\n\t\t<div class=\"elementor-element elementor-element-0b1bfb5 e-flex e-con-boxed e-con e-parent\" data-id=\"0b1bfb5\" data-element_type=\"container\">\n\t\t\t\t\t<div class=\"e-con-inner\">\n\t\t<div class=\"elementor-element elementor-element-e1708d1 e-con-full e-flex e-con e-child\" data-id=\"e1708d1\" data-element_type=\"container\">\n\t\t\t\t<div class=\"elementor-element elementor-element-cc23184 elementor-widget elementor-widget-image\" data-id=\"cc23184\" data-element_type=\"widget\" data-widget_type=\"image.default\">\n\t\t\t\t<div class=\"elementor-widget-container\">\n\t\t\t\t\t\t\t\t\t\t\t\t\t\t\t\t<a href=\"https:\/\/eco-e.com.tr\/wp-content\/uploads\/2024\/02\/ecotransformator_10002_artplus-001-scaled.jpg\" data-elementor-open-lightbox=\"yes\" data-elementor-lightbox-title=\"ecotransformato\u0308r_10002_artplus-001\" data-e-action-hash=\"#elementor-action%3Aaction%3Dlightbox%26settings%3DeyJpZCI6MTA0MSwidXJsIjoiaHR0cHM6XC9cL2Vjby1lLmNvbS50clwvd3AtY29udGVudFwvdXBsb2Fkc1wvMjAyNFwvMDJcL2Vjb3RyYW5zZm9ybWF0b3JfMTAwMDJfYXJ0cGx1cy0wMDEtc2NhbGVkLmpwZyJ9\">\n\t\t\t\t\t\t\t<img loading=\"lazy\" decoding=\"async\" width=\"724\" height=\"1024\" src=\"https:\/\/eco-e.com.tr\/wp-content\/uploads\/2024\/02\/ecotransformator_10002_artplus-001-724x1024.jpg\" class=\"attachment-large size-large wp-image-1041\" alt=\"\" srcset=\"https:\/\/eco-e.com.tr\/wp-content\/uploads\/2024\/02\/ecotransformator_10002_artplus-001-724x1024.jpg 724w, https:\/\/eco-e.com.tr\/wp-content\/uploads\/2024\/02\/ecotransformator_10002_artplus-001-212x300.jpg 212w, https:\/\/eco-e.com.tr\/wp-content\/uploads\/2024\/02\/ecotransformator_10002_artplus-001-768x1086.jpg 768w, https:\/\/eco-e.com.tr\/wp-content\/uploads\/2024\/02\/ecotransformator_10002_artplus-001-1086x1536.jpg 1086w, https:\/\/eco-e.com.tr\/wp-content\/uploads\/2024\/02\/ecotransformator_10002_artplus-001-1448x2048.jpg 1448w, https:\/\/eco-e.com.tr\/wp-content\/uploads\/2024\/02\/ecotransformator_10002_artplus-001-scaled.jpg 1810w\" sizes=\"(max-width: 724px) 100vw, 724px\" \/>\t\t\t\t\t\t\t\t<\/a>\n\t\t\t\t\t\t\t\t\t\t\t\t\t\t\t<\/div>\n\t\t\t\t<\/div>\n\t\t\t\t<\/div>\n\t\t<div class=\"elementor-element elementor-element-2acaa40 e-con-full e-flex e-con e-child\" data-id=\"2acaa40\" data-element_type=\"container\">\n\t\t\t\t<\/div>\n\t\t<div class=\"elementor-element elementor-element-c04eee1 e-con-full e-flex e-con e-child\" data-id=\"c04eee1\" data-element_type=\"container\">\n\t\t\t\t<\/div>\n\t\t\t\t\t<\/div>\n\t\t\t\t<\/div>\n\t\t\t\t<section class=\"elementor-section elementor-top-section elementor-element elementor-element-72359077 elementor-section-boxed elementor-section-height-default elementor-section-height-default\" data-id=\"72359077\" data-element_type=\"section\" data-settings=\"{&quot;background_background&quot;:&quot;classic&quot;}\">\n\t\t\t\t\t\t\t<div class=\"elementor-background-overlay\"><\/div>\n\t\t\t\t\t\t\t<div class=\"elementor-container elementor-column-gap-extended\">\n\t\t\t\t\t<div class=\"elementor-column elementor-col-100 elementor-top-column elementor-element elementor-element-371dde40\" data-id=\"371dde40\" data-element_type=\"column\">\n\t\t\t<div class=\"elementor-widget-wrap elementor-element-populated\">\n\t\t\t\t\t\t<div class=\"elementor-element elementor-element-213ca6c1 elementor-widget elementor-widget-heading\" data-id=\"213ca6c1\" data-element_type=\"widget\" data-widget_type=\"heading.default\">\n\t\t\t\t<div class=\"elementor-widget-container\">\n\t\t\t\t\t<h3 class=\"elementor-heading-title elementor-size-default\">With more than 20 years of transformer production experience, we are at your service.<\/h3>\t\t\t\t<\/div>\n\t\t\t\t<\/div>\n\t\t\t\t<div class=\"elementor-element elementor-element-4f812763 elementor-align-center elementor-widget elementor-widget-button\" data-id=\"4f812763\" data-element_type=\"widget\" data-widget_type=\"button.default\">\n\t\t\t\t<div class=\"elementor-widget-container\">\n\t\t\t\t\t\t\t\t\t<div class=\"elementor-button-wrapper\">\n\t\t\t\t\t<a class=\"elementor-button elementor-button-link elementor-size-sm\" href=\"https:\/\/eco-e.com.tr\/en\/iletisim\/\">\n\t\t\t\t\t\t<span class=\"elementor-button-content-wrapper\">\n\t\t\t\t\t\t\t\t\t<span class=\"elementor-button-text\">Contact<\/span>\n\t\t\t\t\t<\/span>\n\t\t\t\t\t<\/a>\n\t\t\t\t<\/div>\n\t\t\t\t\t\t\t\t<\/div>\n\t\t\t\t<\/div>\n\t\t\t\t\t<\/div>\n\t\t<\/div>\n\t\t\t\t\t<\/div>\n\t\t<\/section>\n\t\t\t\t<section class=\"elementor-section elementor-top-section elementor-element elementor-element-67b40c9e elementor-section-boxed elementor-section-height-default elementor-section-height-default\" data-id=\"67b40c9e\" data-element_type=\"section\" data-settings=\"{&quot;background_background&quot;:&quot;classic&quot;}\">\n\t\t\t\t\t\t\t<div class=\"elementor-background-overlay\"><\/div>\n\t\t\t\t\t\t\t<div class=\"elementor-container elementor-column-gap-extended\">\n\t\t\t\t\t<div class=\"elementor-column elementor-col-100 elementor-top-column elementor-element elementor-element-3d538522\" data-id=\"3d538522\" data-element_type=\"column\">\n\t\t\t<div class=\"elementor-widget-wrap\">\n\t\t\t\t\t\t\t<\/div>\n\t\t<\/div>\n\t\t\t\t\t<\/div>\n\t\t<\/section>\n\t\t\t\t<\/div>","protected":false},"excerpt":{"rendered":"<p>Kalite Eco Enerji \u0130\u015f g\u00fcvenli\u011fi kurallar\u0131na uygun, \u00e7evreye sayg\u0131l\u0131, kaliteli, m\u00fc\u015fterilerimizin ve standartlar\u0131n beklentilerine g\u00f6re bir \u00fcretimi, verimli, tam ve zaman\u0131nda yaparken, \u00e7al\u0131\u015fanlar\u0131m\u0131z\u0131n katk\u0131lar\u0131n\u0131 sa\u011flamak ve s\u00fcrekli geli\u015fimi sa\u011flamakt\u0131r. Kalite anlay\u0131\u015f\u0131n\u0131n benimsenmesi, \u00e7al\u0131\u015fanlar\u0131n t\u00fcm\u00fcn\u00fcn kat\u0131l\u0131m\u0131, memnuniyeti ve \u00e7abalar\u0131 ve i\u015f g\u00fcvenli\u011fi kurallar\u0131na uymak ortak hedefimizdir. Projenin ba\u015flang\u0131c\u0131 itibariyle; proje y\u00f6netimi, tasar\u0131m, tedarik, \u00fcretim ve test [&hellip;]<\/p>","protected":false},"author":1,"featured_media":0,"parent":0,"menu_order":0,"comment_status":"closed","ping_status":"closed","template":"elementor_header_footer","meta":{"footnotes":""},"class_list":["post-125","page","type-page","status-publish","hentry"],"_links":{"self":[{"href":"https:\/\/eco-e.com.tr\/en\/wp-json\/wp\/v2\/pages\/125","targetHints":{"allow":["GET"]}}],"collection":[{"href":"https:\/\/eco-e.com.tr\/en\/wp-json\/wp\/v2\/pages"}],"about":[{"href":"https:\/\/eco-e.com.tr\/en\/wp-json\/wp\/v2\/types\/page"}],"author":[{"embeddable":true,"href":"https:\/\/eco-e.com.tr\/en\/wp-json\/wp\/v2\/users\/1"}],"replies":[{"embeddable":true,"href":"https:\/\/eco-e.com.tr\/en\/wp-json\/wp\/v2\/comments?post=125"}],"version-history":[{"count":19,"href":"https:\/\/eco-e.com.tr\/en\/wp-json\/wp\/v2\/pages\/125\/revisions"}],"predecessor-version":[{"id":1044,"href":"https:\/\/eco-e.com.tr\/en\/wp-json\/wp\/v2\/pages\/125\/revisions\/1044"}],"wp:attachment":[{"href":"https:\/\/eco-e.com.tr\/en\/wp-json\/wp\/v2\/media?parent=125"}],"curies":[{"name":"wp","href":"https:\/\/api.w.org\/{rel}","templated":true}]}}