{"id":123,"date":"2023-09-19T19:28:06","date_gmt":"2023-09-19T19:28:06","guid":{"rendered":"https:\/\/ecoenerjias.com\/?page_id=123"},"modified":"2025-02-28T07:20:26","modified_gmt":"2025-02-28T07:20:26","slug":"urunlerimiz","status":"publish","type":"page","link":"https:\/\/eco-e.com.tr\/en\/urunlerimiz\/","title":{"rendered":"Products"},"content":{"rendered":"<div data-elementor-type=\"wp-page\" data-elementor-id=\"123\" class=\"elementor elementor-123\" data-elementor-post-type=\"page\">\n\t\t\t\t\t\t<section class=\"elementor-section elementor-top-section elementor-element elementor-element-44afe7c8 elementor-section-boxed elementor-section-height-default elementor-section-height-default\" data-id=\"44afe7c8\" data-element_type=\"section\" data-settings=\"{&quot;background_background&quot;:&quot;classic&quot;}\">\n\t\t\t\t\t\t\t<div class=\"elementor-background-overlay\"><\/div>\n\t\t\t\t\t\t\t<div class=\"elementor-container elementor-column-gap-default\">\n\t\t\t\t\t<div class=\"elementor-column elementor-col-100 elementor-top-column elementor-element elementor-element-72c02046\" data-id=\"72c02046\" data-element_type=\"column\">\n\t\t\t<div class=\"elementor-widget-wrap elementor-element-populated\">\n\t\t\t\t\t\t<div class=\"elementor-element elementor-element-3ea2f5b9 elementor-widget elementor-widget-heading\" data-id=\"3ea2f5b9\" data-element_type=\"widget\" data-widget_type=\"heading.default\">\n\t\t\t\t<div class=\"elementor-widget-container\">\n\t\t\t\t\t<h2 class=\"elementor-heading-title elementor-size-default\">Products<\/h2>\t\t\t\t<\/div>\n\t\t\t\t<\/div>\n\t\t\t\t\t<\/div>\n\t\t<\/div>\n\t\t\t\t\t<\/div>\n\t\t<\/section>\n\t\t\t\t<section class=\"elementor-section elementor-top-section elementor-element elementor-element-2712f323 elementor-section-boxed elementor-section-height-default elementor-section-height-default\" data-id=\"2712f323\" data-element_type=\"section\">\n\t\t\t\t\t\t<div class=\"elementor-container elementor-column-gap-extended\">\n\t\t\t\t\t<div class=\"elementor-column elementor-col-50 elementor-top-column elementor-element elementor-element-bcaf501\" data-id=\"bcaf501\" data-element_type=\"column\">\n\t\t\t<div class=\"elementor-widget-wrap elementor-element-populated\">\n\t\t\t\t\t\t<section class=\"elementor-section elementor-inner-section elementor-element elementor-element-501581b4 elementor-section-boxed elementor-section-height-default elementor-section-height-default\" data-id=\"501581b4\" data-element_type=\"section\">\n\t\t\t\t\t\t<div class=\"elementor-container elementor-column-gap-default\">\n\t\t\t\t\t<div class=\"elementor-column elementor-col-100 elementor-inner-column elementor-element elementor-element-7eaf8585\" data-id=\"7eaf8585\" data-element_type=\"column\">\n\t\t\t<div class=\"elementor-widget-wrap elementor-element-populated\">\n\t\t\t\t\t\t<div class=\"elementor-element elementor-element-876301c elementor-widget elementor-widget-image\" data-id=\"876301c\" data-element_type=\"widget\" data-widget_type=\"image.default\">\n\t\t\t\t<div class=\"elementor-widget-container\">\n\t\t\t\t\t\t\t\t\t\t\t\t\t\t\t\t<a href=\"https:\/\/eco-e.com.tr\/wp-content\/uploads\/2023\/10\/ecosonresim-1.jpg\" data-elementor-open-lightbox=\"yes\" data-elementor-lightbox-title=\"ecosonresim\" data-e-action-hash=\"#elementor-action%3Aaction%3Dlightbox%26settings%3DeyJpZCI6MTAxNSwidXJsIjoiaHR0cHM6XC9cL2Vjby1lLmNvbS50clwvd3AtY29udGVudFwvdXBsb2Fkc1wvMjAyM1wvMTBcL2Vjb3NvbnJlc2ltLTEuanBnIn0%3D\">\n\t\t\t\t\t\t\t<img fetchpriority=\"high\" decoding=\"async\" width=\"800\" height=\"800\" src=\"https:\/\/eco-e.com.tr\/wp-content\/uploads\/2023\/10\/ecosonresim-1.jpg\" class=\"attachment-large size-large wp-image-1015\" alt=\"\" srcset=\"https:\/\/eco-e.com.tr\/wp-content\/uploads\/2023\/10\/ecosonresim-1.jpg 1024w, https:\/\/eco-e.com.tr\/wp-content\/uploads\/2023\/10\/ecosonresim-1-300x300.jpg 300w, https:\/\/eco-e.com.tr\/wp-content\/uploads\/2023\/10\/ecosonresim-1-150x150.jpg 150w, https:\/\/eco-e.com.tr\/wp-content\/uploads\/2023\/10\/ecosonresim-1-768x768.jpg 768w\" sizes=\"(max-width: 800px) 100vw, 800px\" \/>\t\t\t\t\t\t\t\t<\/a>\n\t\t\t\t\t\t\t\t\t\t\t\t\t\t\t<\/div>\n\t\t\t\t<\/div>\n\t\t\t\t\t<\/div>\n\t\t<\/div>\n\t\t\t\t\t<\/div>\n\t\t<\/section>\n\t\t\t\t\t<\/div>\n\t\t<\/div>\n\t\t\t\t<div class=\"elementor-column elementor-col-50 elementor-top-column elementor-element elementor-element-1169b193\" data-id=\"1169b193\" data-element_type=\"column\">\n\t\t\t<div class=\"elementor-widget-wrap elementor-element-populated\">\n\t\t\t\t\t\t<section class=\"elementor-section elementor-inner-section elementor-element elementor-element-3b309db elementor-section-boxed elementor-section-height-default elementor-section-height-default\" data-id=\"3b309db\" data-element_type=\"section\">\n\t\t\t\t\t\t<div class=\"elementor-container elementor-column-gap-default\">\n\t\t\t\t\t<div class=\"elementor-column elementor-col-100 elementor-inner-column elementor-element elementor-element-20b83981\" data-id=\"20b83981\" data-element_type=\"column\">\n\t\t\t<div class=\"elementor-widget-wrap elementor-element-populated\">\n\t\t\t\t\t\t<div class=\"elementor-element elementor-element-420d344b elementor-widget__width-auto elementor-invisible elementor-widget elementor-widget-heading\" data-id=\"420d344b\" data-element_type=\"widget\" data-settings=\"{&quot;_animation&quot;:&quot;zoomIn&quot;}\" data-widget_type=\"heading.default\">\n\t\t\t\t<div class=\"elementor-widget-container\">\n\t\t\t\t\t<p class=\"elementor-heading-title elementor-size-default\">DISTRIBUTION TRANSFORMERS<\/p>\t\t\t\t<\/div>\n\t\t\t\t<\/div>\n\t\t\t\t\t<\/div>\n\t\t<\/div>\n\t\t\t\t\t<\/div>\n\t\t<\/section>\n\t\t\t\t<div class=\"elementor-element elementor-element-709b508e elementor-widget elementor-widget-text-editor\" data-id=\"709b508e\" data-element_type=\"widget\" data-widget_type=\"text-editor.default\">\n\t\t\t\t<div class=\"elementor-widget-container\">\n\t\t\t\t\t\t\t\t\t<div class=\"col-lg-5 col-md-10\">\n<div class=\"sectionHeading -left-line -about pr-12 lg:pr-0 is-in-view\" data-anim-child=\"slide-right delay-3\">\n<p>25 \u2013 10.000 kVA g\u00fc\u00e7 aral\u0131\u011f\u0131nda, 36 kV gerilim seviyesine kadar , harici veya dahili kullan\u0131ma uygun \u015fekilde \u00fcretilebilmektedir.<\/p>\n<p><strong>M\u00fc\u015fteri taleplerine ve kullan\u0131m ama\u00e7lar\u0131na g\u00f6re da\u011f\u0131t\u0131m transformat\u00f6rleri a\u015fa\u011f\u0131da belirtilmi\u015ftir<\/strong><\/p>\n<\/div>\n<\/div>\t\t\t\t\t\t\t\t<\/div>\n\t\t\t\t<\/div>\n\t\t\t\t<div class=\"elementor-element elementor-element-5da1eef elementor-widget elementor-widget-text-editor\" data-id=\"5da1eef\" data-element_type=\"widget\" data-widget_type=\"text-editor.default\">\n\t\t\t\t<div class=\"elementor-widget-container\">\n\t\t\t\t\t\t\t\t\t<ul><li>Transformers with No-load Tap-Changer (NLTC) or On-load Automatic Tap-Changer (OLTC)<\/li><li>ONAN (naturally cooled) \/ ONAF (fan cooled) Transformers<\/li><li>Hermetic, expansion tank or gas cushioned transformers<\/li><li>Ceramic or Plug-in insulator Transformers<\/li><li>Cable Box and Bus duct Transformers<\/li><li>Free Breathing Transformers<\/li><li>Earthing Transformers<\/li><li>Dual Voltage Transformer<\/li><\/ul><p><br \/>Industrial Plants, Electricity Generation Plants, Hospitals, Shopping Centres, Agricultural Projects,\u00a0\u00a0<\/p>\t\t\t\t\t\t\t\t<\/div>\n\t\t\t\t<\/div>\n\t\t\t\t\t<\/div>\n\t\t<\/div>\n\t\t\t\t\t<\/div>\n\t\t<\/section>\n\t\t<div class=\"elementor-element elementor-element-2a8b2a4 e-flex e-con-boxed e-con e-parent\" data-id=\"2a8b2a4\" data-element_type=\"container\">\n\t\t\t\t\t<div class=\"e-con-inner\">\n\t\t<div class=\"elementor-element elementor-element-efc5334 e-con-full e-flex e-con e-child\" data-id=\"efc5334\" data-element_type=\"container\">\n\t\t\t\t<div class=\"elementor-element elementor-element-04f0164 elementor-widget__width-auto elementor-invisible elementor-widget elementor-widget-heading\" data-id=\"04f0164\" data-element_type=\"widget\" data-settings=\"{&quot;_animation&quot;:&quot;zoomIn&quot;}\" data-widget_type=\"heading.default\">\n\t\t\t\t<div class=\"elementor-widget-container\">\n\t\t\t\t\t<p class=\"elementor-heading-title elementor-size-default\">DESIGN<\/p>\t\t\t\t<\/div>\n\t\t\t\t<\/div>\n\t\t\t\t<div class=\"elementor-element elementor-element-9ee01e5 elementor-widget elementor-widget-text-editor\" data-id=\"9ee01e5\" data-element_type=\"widget\" data-widget_type=\"text-editor.default\">\n\t\t\t\t<div class=\"elementor-widget-container\">\n\t\t\t\t\t\t\t\t\t<p>Based on customer satisfaction and trust; by producing accurate and fast solutions, competent R&amp;D personnel works to increase the continuity of quality and productivity.<\/p><p>Innovative develops itself technologically by following the developments and changes in its field.<\/p>\t\t\t\t\t\t\t\t<\/div>\n\t\t\t\t<\/div>\n\t\t\t\t<\/div>\n\t\t<div class=\"elementor-element elementor-element-6748933 e-con-full e-flex e-con e-child\" data-id=\"6748933\" data-element_type=\"container\">\n\t\t\t\t<div class=\"elementor-element elementor-element-3683a53 elementor-widget elementor-widget-image\" data-id=\"3683a53\" data-element_type=\"widget\" data-widget_type=\"image.default\">\n\t\t\t\t<div class=\"elementor-widget-container\">\n\t\t\t\t\t\t\t\t\t\t\t\t\t\t\t<img decoding=\"async\" width=\"500\" height=\"500\" src=\"https:\/\/eco-e.com.tr\/wp-content\/uploads\/2023\/10\/transformator.jpg\" class=\"attachment-large size-large wp-image-600\" alt=\"\" srcset=\"https:\/\/eco-e.com.tr\/wp-content\/uploads\/2023\/10\/transformator.jpg 500w, https:\/\/eco-e.com.tr\/wp-content\/uploads\/2023\/10\/transformator-300x300.jpg 300w, https:\/\/eco-e.com.tr\/wp-content\/uploads\/2023\/10\/transformator-150x150.jpg 150w\" sizes=\"(max-width: 500px) 100vw, 500px\" \/>\t\t\t\t\t\t\t\t\t\t\t\t\t\t\t<\/div>\n\t\t\t\t<\/div>\n\t\t\t\t<\/div>\n\t\t\t\t\t<\/div>\n\t\t\t\t<\/div>\n\t\t\t\t<section class=\"elementor-section elementor-top-section elementor-element elementor-element-e752189 elementor-section-boxed elementor-section-height-default elementor-section-height-default\" data-id=\"e752189\" data-element_type=\"section\" data-settings=\"{&quot;background_background&quot;:&quot;classic&quot;}\">\n\t\t\t\t\t\t\t<div class=\"elementor-background-overlay\"><\/div>\n\t\t\t\t\t\t\t<div class=\"elementor-container elementor-column-gap-extended\">\n\t\t\t\t\t<div class=\"elementor-column elementor-col-100 elementor-top-column elementor-element elementor-element-1ba9dd0a\" data-id=\"1ba9dd0a\" data-element_type=\"column\">\n\t\t\t<div class=\"elementor-widget-wrap elementor-element-populated\">\n\t\t\t\t\t\t<div class=\"elementor-element elementor-element-1952855b elementor-widget elementor-widget-heading\" data-id=\"1952855b\" data-element_type=\"widget\" data-widget_type=\"heading.default\">\n\t\t\t\t<div class=\"elementor-widget-container\">\n\t\t\t\t\t<h3 class=\"elementor-heading-title elementor-size-default\">With more than 20 years of transformer production experience, we are at your service.<\/h3>\t\t\t\t<\/div>\n\t\t\t\t<\/div>\n\t\t\t\t<div class=\"elementor-element elementor-element-490207e1 elementor-align-center elementor-widget elementor-widget-button\" data-id=\"490207e1\" data-element_type=\"widget\" data-widget_type=\"button.default\">\n\t\t\t\t<div class=\"elementor-widget-container\">\n\t\t\t\t\t\t\t\t\t<div class=\"elementor-button-wrapper\">\n\t\t\t\t\t<a class=\"elementor-button elementor-button-link elementor-size-sm\" href=\"https:\/\/eco-e.com.tr\/en\/iletisim\/\">\n\t\t\t\t\t\t<span class=\"elementor-button-content-wrapper\">\n\t\t\t\t\t\t\t\t\t<span class=\"elementor-button-text\">\u0130leti\u015fime Ge\u00e7in<\/span>\n\t\t\t\t\t<\/span>\n\t\t\t\t\t<\/a>\n\t\t\t\t<\/div>\n\t\t\t\t\t\t\t\t<\/div>\n\t\t\t\t<\/div>\n\t\t\t\t\t<\/div>\n\t\t<\/div>\n\t\t\t\t\t<\/div>\n\t\t<\/section>\n\t\t\t\t<\/div>","protected":false},"excerpt":{"rendered":"<p>\u00dcr\u00fcnlerimiz Da\u011f\u0131t\u0131m Transformat\u00f6rleri 25 \u2013 10.000 kVA g\u00fc\u00e7 aral\u0131\u011f\u0131nda, 36 kV gerilim seviyesine kadar , harici veya dahili kullan\u0131ma uygun \u015fekilde \u00fcretilebilmektedir. M\u00fc\u015fteri taleplerine ve kullan\u0131m ama\u00e7lar\u0131na g\u00f6re da\u011f\u0131t\u0131m transformat\u00f6rleri a\u015fa\u011f\u0131da belirtilmi\u015ftir Bo\u015fta Kademe De\u011fi\u015ftiricili veya Y\u00fck Alt\u0131nda Otomatik Kademe De\u011fi\u015ftiricili Transformat\u00f6rler ONAN ( Do\u011fal So\u011futmal\u0131 ) \/ ONAF ( Fan ile so\u011futmal\u0131 ) Transformat\u00f6rler [&hellip;]<\/p>","protected":false},"author":1,"featured_media":0,"parent":0,"menu_order":0,"comment_status":"closed","ping_status":"closed","template":"elementor_header_footer","meta":{"footnotes":""},"class_list":["post-123","page","type-page","status-publish","hentry"],"_links":{"self":[{"href":"https:\/\/eco-e.com.tr\/en\/wp-json\/wp\/v2\/pages\/123","targetHints":{"allow":["GET"]}}],"collection":[{"href":"https:\/\/eco-e.com.tr\/en\/wp-json\/wp\/v2\/pages"}],"about":[{"href":"https:\/\/eco-e.com.tr\/en\/wp-json\/wp\/v2\/types\/page"}],"author":[{"embeddable":true,"href":"https:\/\/eco-e.com.tr\/en\/wp-json\/wp\/v2\/users\/1"}],"replies":[{"embeddable":true,"href":"https:\/\/eco-e.com.tr\/en\/wp-json\/wp\/v2\/comments?post=123"}],"version-history":[{"count":91,"href":"https:\/\/eco-e.com.tr\/en\/wp-json\/wp\/v2\/pages\/123\/revisions"}],"predecessor-version":[{"id":1067,"href":"https:\/\/eco-e.com.tr\/en\/wp-json\/wp\/v2\/pages\/123\/revisions\/1067"}],"wp:attachment":[{"href":"https:\/\/eco-e.com.tr\/en\/wp-json\/wp\/v2\/media?parent=123"}],"curies":[{"name":"wp","href":"https:\/\/api.w.org\/{rel}","templated":true}]}}