{"id":103,"date":"2023-09-18T08:52:02","date_gmt":"2023-09-18T08:52:02","guid":{"rendered":"https:\/\/ecoenerjias.com\/?page_id=103"},"modified":"2023-10-20T11:50:20","modified_gmt":"2023-10-20T11:50:20","slug":"anasayfa","status":"publish","type":"page","link":"https:\/\/eco-e.com.tr\/en\/","title":{"rendered":"Home"},"content":{"rendered":"<div data-elementor-type=\"wp-page\" data-elementor-id=\"103\" class=\"elementor elementor-103\" data-elementor-post-type=\"page\">\n\t\t\t\t\t\t<section class=\"elementor-section elementor-top-section elementor-element elementor-element-56ae3b87 elementor-section-full_width elementor-section-height-min-height elementor-section-height-default elementor-section-items-middle\" data-id=\"56ae3b87\" data-element_type=\"section\">\n\t\t\t\t\t\t<div class=\"elementor-container elementor-column-gap-default\">\n\t\t\t\t\t<div class=\"elementor-column elementor-col-100 elementor-top-column elementor-element elementor-element-12efbd09\" data-id=\"12efbd09\" data-element_type=\"column\">\n\t\t\t<div class=\"elementor-widget-wrap elementor-element-populated\">\n\t\t\t\t\t\t<div class=\"elementor-element elementor-element-78af1e0b elementor-widget elementor-widget-flex-slider\" data-id=\"78af1e0b\" data-element_type=\"widget\" data-widget_type=\"flex-slider.default\">\n\t\t\t\t<div class=\"elementor-widget-container\">\n\t\t\t\t\t\t\t\t<div class=\"flexslider directionnav-circle-border\" data-height=\"934\" data-height_tablet=\"934\" data-height_mobile=\"600\" data-animation_images=\"\" data-autoplay=\"\" data-slideshowspeed=\"3000\" data-directionnav=\"true\" data-controlnav=\"true\" data-prevtext=\"fa fa-arrow-left\" data-nexttext=\"fa fa-arrow-right\">\r\n\t\t\t\t<ul class=\"slides\">\r\n\t\t\t\t\t<li class=\"item-slide\">\r\n\t\t\t\t\t\t\t\t\t<div class=\"bgimg\" style=\"background-image:url(https:\/\/eco-e.com.tr\/wp-content\/uploads\/2023\/09\/slider1a.jpg); background-size: cover; background-position: center center;\"><\/div>\r\n\t\t\t\t\t\t\t\t\t\r\n\t\t\t\t\t\t\t\t\t\r\n\t\t\t\t\t\t\t\t\t<div class=\"flex_caption container\">\r\n\t\t                        \t\t<h3 class=\"sub-title captionDelay8 fromTop\">Electric Transformers<\/h3>\r\n\t\t                        \t\t<h1 class=\"title captionDelay6 fromTop\">Professional and  <\/br>\nQuality Production<\/h1>\r\n\t\t                        \t\t\r\n\t\t                        \t\t<ul class=\"button-group\"> <li class=\"fromTop\">\r\n\t\t\t\t\t\t\t\t\t\t\t<a href=\"https:\/\/eco-e.com.tr\/en\/kalite\/\" class=\"button-one elementor-repeater-item-e94407d\">MORE INFORMATION <span class=\"btn-icon-right\"><\/span><\/a>\r\n\t\t\t\t\t\t\t\t\t\t<\/li><\/ul>\r\n\t\t\t\t                    <\/div>\t                    \r\n\t\t\t\t                    \r\n\t\t\t\t\t\t\t\t<\/li>\t\t\t\t<\/ul> \r\n\t\t\t<\/div>\r\n\t\t\t\t\t\t\t<\/div>\n\t\t\t\t<\/div>\n\t\t\t\t\t<\/div>\n\t\t<\/div>\n\t\t\t\t\t<\/div>\n\t\t<\/section>\n\t\t\t\t<section class=\"elementor-section elementor-top-section elementor-element elementor-element-76fb2212 elementor-section-boxed elementor-section-height-default elementor-section-height-default\" data-id=\"76fb2212\" data-element_type=\"section\" data-settings=\"{&quot;background_background&quot;:&quot;classic&quot;}\">\n\t\t\t\t\t\t<div class=\"elementor-container elementor-column-gap-extended\">\n\t\t\t\t\t<div class=\"elementor-column elementor-col-50 elementor-top-column elementor-element elementor-element-44050391 animated-slow elementor-invisible\" data-id=\"44050391\" data-element_type=\"column\" data-settings=\"{&quot;animation&quot;:&quot;fadeInLeft&quot;}\">\n\t\t\t<div class=\"elementor-widget-wrap elementor-element-populated\">\n\t\t\t\t\t\t<section class=\"elementor-section elementor-inner-section elementor-element elementor-element-450c159d elementor-section-boxed elementor-section-height-default elementor-section-height-default\" data-id=\"450c159d\" data-element_type=\"section\">\n\t\t\t\t\t\t<div class=\"elementor-container elementor-column-gap-default\">\n\t\t\t\t\t<div class=\"elementor-column elementor-col-100 elementor-inner-column elementor-element elementor-element-8cbbaee\" data-id=\"8cbbaee\" data-element_type=\"column\">\n\t\t\t<div class=\"elementor-widget-wrap elementor-element-populated\">\n\t\t\t\t\t\t<div class=\"elementor-element elementor-element-74fb55da elementor-widget__width-auto elementor-invisible elementor-widget elementor-widget-heading\" data-id=\"74fb55da\" data-element_type=\"widget\" data-settings=\"{&quot;_animation&quot;:&quot;zoomIn&quot;}\" data-widget_type=\"heading.default\">\n\t\t\t\t<div class=\"elementor-widget-container\">\n\t\t\t\t\t<p class=\"elementor-heading-title elementor-size-default\">WE PRODUCE FOR YOU<\/p>\t\t\t\t<\/div>\n\t\t\t\t<\/div>\n\t\t\t\t<div class=\"elementor-element elementor-element-6d70aa1e elementor-widget elementor-widget-heading\" data-id=\"6d70aa1e\" data-element_type=\"widget\" data-widget_type=\"heading.default\">\n\t\t\t\t<div class=\"elementor-widget-container\">\n\t\t\t\t\t<h4 class=\"elementor-heading-title elementor-size-default\">STRONG POWER IN ELECTRIC ENERGY<\/h4>\t\t\t\t<\/div>\n\t\t\t\t<\/div>\n\t\t\t\t<div class=\"elementor-element elementor-element-681ff97d elementor-widget elementor-widget-text-editor\" data-id=\"681ff97d\" data-element_type=\"widget\" data-widget_type=\"text-editor.default\">\n\t\t\t\t<div class=\"elementor-widget-container\">\n\t\t\t\t\t\t\t\t\t<p>ECO Transformer was established by engineers and senior managers who have worked in the fields of transformer design, production and quality for more than 20 years.<\/p><p>With more than 20 years of experience, our aim is to be the leading company in the sector with the understanding of service that adds value to its employees, suppliers and customers by protecting the corporate values we have created both nationally and internationally.<\/p>\t\t\t\t\t\t\t\t<\/div>\n\t\t\t\t<\/div>\n\t\t\t\t\t<\/div>\n\t\t<\/div>\n\t\t\t\t\t<\/div>\n\t\t<\/section>\n\t\t\t\t\t<\/div>\n\t\t<\/div>\n\t\t\t\t<div class=\"elementor-column elementor-col-50 elementor-top-column elementor-element elementor-element-7a46ed9f animated-slow elementor-invisible\" data-id=\"7a46ed9f\" data-element_type=\"column\" data-settings=\"{&quot;animation&quot;:&quot;fadeInRight&quot;}\">\n\t\t\t<div class=\"elementor-widget-wrap elementor-element-populated\">\n\t\t\t\t\t\t<section class=\"elementor-section elementor-inner-section elementor-element elementor-element-141159ac elementor-section-boxed elementor-section-height-default elementor-section-height-default\" data-id=\"141159ac\" data-element_type=\"section\">\n\t\t\t\t\t\t<div class=\"elementor-container elementor-column-gap-extended\">\n\t\t\t\t\t<div class=\"elementor-column elementor-col-100 elementor-inner-column elementor-element elementor-element-16cd503e elementor-invisible\" data-id=\"16cd503e\" data-element_type=\"column\" data-settings=\"{&quot;animation&quot;:&quot;fadeIn&quot;,&quot;animation_delay&quot;:0.1000000000000000055511151231257827021181583404541015625}\">\n\t\t\t<div class=\"elementor-widget-wrap elementor-element-populated\">\n\t\t\t\t\t\t<div class=\"elementor-element elementor-element-12950186 elementor-widget elementor-widget-image\" data-id=\"12950186\" data-element_type=\"widget\" data-widget_type=\"image.default\">\n\t\t\t\t<div class=\"elementor-widget-container\">\n\t\t\t\t\t\t\t\t\t\t\t\t\t\t\t<img fetchpriority=\"high\" decoding=\"async\" width=\"1781\" height=\"2100\" src=\"https:\/\/eco-e.com.tr\/wp-content\/uploads\/2023\/09\/elektirik.jpg\" class=\"elementor-animation-grow attachment-full size-full wp-image-293\" alt=\"\" srcset=\"https:\/\/eco-e.com.tr\/wp-content\/uploads\/2023\/09\/elektirik.jpg 1781w, https:\/\/eco-e.com.tr\/wp-content\/uploads\/2023\/09\/elektirik-254x300.jpg 254w, https:\/\/eco-e.com.tr\/wp-content\/uploads\/2023\/09\/elektirik-868x1024.jpg 868w, https:\/\/eco-e.com.tr\/wp-content\/uploads\/2023\/09\/elektirik-768x906.jpg 768w, https:\/\/eco-e.com.tr\/wp-content\/uploads\/2023\/09\/elektirik-1303x1536.jpg 1303w, https:\/\/eco-e.com.tr\/wp-content\/uploads\/2023\/09\/elektirik-1737x2048.jpg 1737w\" sizes=\"(max-width: 1781px) 100vw, 1781px\" \/>\t\t\t\t\t\t\t\t\t\t\t\t\t\t\t<\/div>\n\t\t\t\t<\/div>\n\t\t\t\t\t<\/div>\n\t\t<\/div>\n\t\t\t\t\t<\/div>\n\t\t<\/section>\n\t\t\t\t\t<\/div>\n\t\t<\/div>\n\t\t\t\t\t<\/div>\n\t\t<\/section>\n\t\t\t\t<section class=\"elementor-section elementor-top-section elementor-element elementor-element-1d25a04a elementor-section-boxed elementor-section-height-default elementor-section-height-default\" data-id=\"1d25a04a\" data-element_type=\"section\">\n\t\t\t\t\t\t<div class=\"elementor-container elementor-column-gap-extended\">\n\t\t\t\t\t<div class=\"elementor-column elementor-col-25 elementor-top-column elementor-element elementor-element-3759f814 animated-slow elementor-invisible\" data-id=\"3759f814\" data-element_type=\"column\" data-settings=\"{&quot;background_background&quot;:&quot;classic&quot;,&quot;animation&quot;:&quot;fadeInUp&quot;}\">\n\t\t\t<div class=\"elementor-widget-wrap elementor-element-populated\">\n\t\t\t\t\t\t<div class=\"elementor-element elementor-element-45bfb205 elementor-position-top elementor-widget elementor-widget-image-box\" data-id=\"45bfb205\" data-element_type=\"widget\" data-widget_type=\"image-box.default\">\n\t\t\t\t<div class=\"elementor-widget-container\">\n\t\t\t\t\t<div class=\"elementor-image-box-wrapper\"><figure class=\"elementor-image-box-img\"><a href=\"#\" tabindex=\"-1\"><img decoding=\"async\" width=\"157\" height=\"157\" src=\"https:\/\/eco-e.com.tr\/wp-content\/uploads\/2023\/09\/icon.png\" class=\"elementor-animation-grow attachment-full size-full wp-image-270\" alt=\"\" srcset=\"https:\/\/eco-e.com.tr\/wp-content\/uploads\/2023\/09\/icon.png 157w, https:\/\/eco-e.com.tr\/wp-content\/uploads\/2023\/09\/icon-150x150.png 150w\" sizes=\"(max-width: 157px) 100vw, 157px\" \/><\/a><\/figure><div class=\"elementor-image-box-content\"><p class=\"elementor-image-box-title\"><a href=\"#\">HIGH QUALITY PRODUCTS<\/a><\/p><\/div><\/div>\t\t\t\t<\/div>\n\t\t\t\t<\/div>\n\t\t\t\t\t<\/div>\n\t\t<\/div>\n\t\t\t\t<div class=\"elementor-column elementor-col-25 elementor-top-column elementor-element elementor-element-1ec33a76 animated-slow elementor-invisible\" data-id=\"1ec33a76\" data-element_type=\"column\" data-settings=\"{&quot;background_background&quot;:&quot;classic&quot;,&quot;animation&quot;:&quot;fadeInDown&quot;}\">\n\t\t\t<div class=\"elementor-widget-wrap elementor-element-populated\">\n\t\t\t\t\t\t<div class=\"elementor-element elementor-element-14da56ac elementor-position-top elementor-widget elementor-widget-image-box\" data-id=\"14da56ac\" data-element_type=\"widget\" data-widget_type=\"image-box.default\">\n\t\t\t\t<div class=\"elementor-widget-container\">\n\t\t\t\t\t<div class=\"elementor-image-box-wrapper\"><figure class=\"elementor-image-box-img\"><a href=\"#\" tabindex=\"-1\"><img decoding=\"async\" width=\"157\" height=\"157\" src=\"https:\/\/eco-e.com.tr\/wp-content\/uploads\/2023\/09\/icon.png\" class=\"elementor-animation-grow attachment-full size-full wp-image-270\" alt=\"\" srcset=\"https:\/\/eco-e.com.tr\/wp-content\/uploads\/2023\/09\/icon.png 157w, https:\/\/eco-e.com.tr\/wp-content\/uploads\/2023\/09\/icon-150x150.png 150w\" sizes=\"(max-width: 157px) 100vw, 157px\" \/><\/a><\/figure><div class=\"elementor-image-box-content\"><p class=\"elementor-image-box-title\"><a href=\"#\">ON TIME DELIVERY<\/a><\/p><\/div><\/div>\t\t\t\t<\/div>\n\t\t\t\t<\/div>\n\t\t\t\t\t<\/div>\n\t\t<\/div>\n\t\t\t\t<div class=\"elementor-column elementor-col-25 elementor-top-column elementor-element elementor-element-7700ce91 animated-slow elementor-invisible\" data-id=\"7700ce91\" data-element_type=\"column\" data-settings=\"{&quot;background_background&quot;:&quot;classic&quot;,&quot;animation&quot;:&quot;fadeInUp&quot;}\">\n\t\t\t<div class=\"elementor-widget-wrap elementor-element-populated\">\n\t\t\t\t\t\t<div class=\"elementor-element elementor-element-60d41043 elementor-position-top elementor-widget elementor-widget-image-box\" data-id=\"60d41043\" data-element_type=\"widget\" data-widget_type=\"image-box.default\">\n\t\t\t\t<div class=\"elementor-widget-container\">\n\t\t\t\t\t<div class=\"elementor-image-box-wrapper\"><figure class=\"elementor-image-box-img\"><a href=\"#\" tabindex=\"-1\"><img decoding=\"async\" width=\"157\" height=\"157\" src=\"https:\/\/eco-e.com.tr\/wp-content\/uploads\/2023\/09\/icon.png\" class=\"elementor-animation-grow attachment-full size-full wp-image-270\" alt=\"\" srcset=\"https:\/\/eco-e.com.tr\/wp-content\/uploads\/2023\/09\/icon.png 157w, https:\/\/eco-e.com.tr\/wp-content\/uploads\/2023\/09\/icon-150x150.png 150w\" sizes=\"(max-width: 157px) 100vw, 157px\" \/><\/a><\/figure><div class=\"elementor-image-box-content\"><p class=\"elementor-image-box-title\"><a href=\"#\">AFFORDABLE PRICE POLICY<\/a><\/p><\/div><\/div>\t\t\t\t<\/div>\n\t\t\t\t<\/div>\n\t\t\t\t\t<\/div>\n\t\t<\/div>\n\t\t\t\t<div class=\"elementor-column elementor-col-25 elementor-top-column elementor-element elementor-element-484ce4eb animated-slow elementor-invisible\" data-id=\"484ce4eb\" data-element_type=\"column\" data-settings=\"{&quot;background_background&quot;:&quot;classic&quot;,&quot;animation&quot;:&quot;fadeInDown&quot;}\">\n\t\t\t<div class=\"elementor-widget-wrap elementor-element-populated\">\n\t\t\t\t\t<div class=\"elementor-background-overlay\"><\/div>\n\t\t\t\t\t\t<div class=\"elementor-element elementor-element-2337fb6 elementor-widget elementor-widget-heading\" data-id=\"2337fb6\" data-element_type=\"widget\" data-widget_type=\"heading.default\">\n\t\t\t\t<div class=\"elementor-widget-container\">\n\t\t\t\t\t<p class=\"elementor-heading-title elementor-size-default\">For you\nmost suitable\nsolutions\nwe offer...<\/p>\t\t\t\t<\/div>\n\t\t\t\t<\/div>\n\t\t\t\t<div class=\"elementor-element elementor-element-63502b1c elementor-align-center elementor-widget elementor-widget-button\" data-id=\"63502b1c\" data-element_type=\"widget\" data-widget_type=\"button.default\">\n\t\t\t\t<div class=\"elementor-widget-container\">\n\t\t\t\t\t\t\t\t\t<div class=\"elementor-button-wrapper\">\n\t\t\t\t\t<a class=\"elementor-button elementor-button-link elementor-size-sm\" href=\"#\">\n\t\t\t\t\t\t<span class=\"elementor-button-content-wrapper\">\n\t\t\t\t\t\t\t\t\t<span class=\"elementor-button-text\">Free information hotline<\/span>\n\t\t\t\t\t<\/span>\n\t\t\t\t\t<\/a>\n\t\t\t\t<\/div>\n\t\t\t\t\t\t\t\t<\/div>\n\t\t\t\t<\/div>\n\t\t\t\t\t<\/div>\n\t\t<\/div>\n\t\t\t\t\t<\/div>\n\t\t<\/section>\n\t\t\t\t<section class=\"elementor-section elementor-top-section elementor-element elementor-element-2a7e5adb elementor-section-height-min-height elementor-section-boxed elementor-section-height-default elementor-section-items-middle\" data-id=\"2a7e5adb\" data-element_type=\"section\" data-settings=\"{&quot;background_background&quot;:&quot;classic&quot;}\">\n\t\t\t\t\t\t\t<div class=\"elementor-background-overlay\"><\/div>\n\t\t\t\t\t\t\t<div class=\"elementor-container elementor-column-gap-default\">\n\t\t\t\t\t<div class=\"elementor-column elementor-col-100 elementor-top-column elementor-element elementor-element-57372bd5\" data-id=\"57372bd5\" data-element_type=\"column\">\n\t\t\t<div class=\"elementor-widget-wrap elementor-element-populated\">\n\t\t\t\t\t\t<div class=\"elementor-element elementor-element-19d5d092 elementor-widget elementor-widget-heading\" data-id=\"19d5d092\" data-element_type=\"widget\" data-widget_type=\"heading.default\">\n\t\t\t\t<div class=\"elementor-widget-container\">\n\t\t\t\t\t<h4 class=\"elementor-heading-title elementor-size-default\">Over 20 Years of Experience<br>\nWe've been working... <br>\nTo offer you the best<\/h4>\t\t\t\t<\/div>\n\t\t\t\t<\/div>\n\t\t\t\t\t<\/div>\n\t\t<\/div>\n\t\t\t\t\t<\/div>\n\t\t<\/section>\n\t\t\t\t<section class=\"elementor-section elementor-top-section elementor-element elementor-element-462b66a9 elementor-section-height-min-height elementor-section-boxed elementor-section-height-default elementor-section-items-middle\" data-id=\"462b66a9\" data-element_type=\"section\" data-settings=\"{&quot;background_background&quot;:&quot;classic&quot;}\">\n\t\t\t\t\t\t<div class=\"elementor-container elementor-column-gap-extended\">\n\t\t\t\t\t<div class=\"elementor-column elementor-col-100 elementor-top-column elementor-element elementor-element-77217258\" data-id=\"77217258\" data-element_type=\"column\">\n\t\t\t<div class=\"elementor-widget-wrap\">\n\t\t\t\t\t\t\t<\/div>\n\t\t<\/div>\n\t\t\t\t\t<\/div>\n\t\t<\/section>\n\t\t\t\t<\/div>","protected":false},"excerpt":{"rendered":"<p>Elektrik Transformat\u00f6rleri Profesyonel ve Kaliteli \u00dcretim detayl\u0131 b\u0130LG\u0130 s\u0130Z\u0130N \u0130\u00c7\u0130N \u00dcRET\u0130YORUZ Elektrik Enerjisinde SA\u011eLAM G\u00dc\u00c7 ECO Transformat\u00f6r, 20 y\u0131l\u0131 a\u015fan transformat\u00f6r tasar\u0131m, \u00fcretim ve kalite alanlar\u0131nda \u00e7al\u0131\u015fm\u0131\u015f; m\u00fchendisler ve \u00fcst d\u00fczey y\u00f6neticiler taraf\u0131ndan kurulmu\u015ftur. 20 y\u0131l\u0131 a\u015fan tecr\u00fcbemizle amac\u0131m\u0131z; gerek ulusal gerekse uluslararas\u0131 olu\u015fturdu\u011fumuz kurumsal de\u011ferleri koruyup, \u00e7al\u0131\u015fanlar\u0131na, tedarik\u00e7ilerine ve m\u00fc\u015fterilerine de\u011fer katan hizmet anlay\u0131\u015f\u0131yla [&hellip;]<\/p>","protected":false},"author":1,"featured_media":0,"parent":0,"menu_order":0,"comment_status":"closed","ping_status":"closed","template":"elementor_header_footer","meta":{"footnotes":""},"class_list":["post-103","page","type-page","status-publish","hentry"],"_links":{"self":[{"href":"https:\/\/eco-e.com.tr\/en\/wp-json\/wp\/v2\/pages\/103","targetHints":{"allow":["GET"]}}],"collection":[{"href":"https:\/\/eco-e.com.tr\/en\/wp-json\/wp\/v2\/pages"}],"about":[{"href":"https:\/\/eco-e.com.tr\/en\/wp-json\/wp\/v2\/types\/page"}],"author":[{"embeddable":true,"href":"https:\/\/eco-e.com.tr\/en\/wp-json\/wp\/v2\/users\/1"}],"replies":[{"embeddable":true,"href":"https:\/\/eco-e.com.tr\/en\/wp-json\/wp\/v2\/comments?post=103"}],"version-history":[{"count":166,"href":"https:\/\/eco-e.com.tr\/en\/wp-json\/wp\/v2\/pages\/103\/revisions"}],"predecessor-version":[{"id":868,"href":"https:\/\/eco-e.com.tr\/en\/wp-json\/wp\/v2\/pages\/103\/revisions\/868"}],"wp:attachment":[{"href":"https:\/\/eco-e.com.tr\/en\/wp-json\/wp\/v2\/media?parent=103"}],"curies":[{"name":"wp","href":"https:\/\/api.w.org\/{rel}","templated":true}]}}